{"id":7187,"date":"2021-11-23T09:08:14","date_gmt":"2021-11-23T08:08:14","guid":{"rendered":"https:\/\/grafen.com\/serwis-2\/"},"modified":"2023-12-08T09:51:41","modified_gmt":"2023-12-08T08:51:41","slug":"service","status":"publish","type":"page","link":"https:\/\/grafen.com\/ro\/service\/","title":{"rendered":"Service"},"content":{"rendered":"","protected":false},"excerpt":{"rendered":"","protected":false},"author":1,"featured_media":0,"parent":0,"menu_order":0,"comment_status":"closed","ping_status":"closed","template":"page-templates\/service.php","meta":{"_acf_changed":false,"inline_featured_image":false,"footnotes":""},"class_list":["post-7187","page","type-page","status-publish","hentry"],"acf":[],"yoast_head":"<!-- This site is optimized with the Yoast SEO plugin v27.4 - https:\/\/yoast.com\/product\/yoast-seo-wordpress\/ -->\n<title>Service - GRAFEN - Profesjonalne wyposa\u017cenie restauracji<\/title>\n<meta name=\"description\" content=\"Wy\u015blij zg\u0142oszenie serwisowe, zaloguj si\u0119 do Platformy Serwisowej dla Klient\u00f3w. Gwarantujemy sprawn\u0105 pomoc w rozwi\u0105zaniu problemu.\" \/>\n<meta name=\"robots\" content=\"index, follow, max-snippet:-1, max-image-preview:large, max-video-preview:-1\" \/>\n<link rel=\"canonical\" href=\"https:\/\/grafen.com\/ro\/service\/\" \/>\n<meta property=\"og:locale\" content=\"ro_RO\" \/>\n<meta property=\"og:type\" content=\"article\" \/>\n<meta property=\"og:title\" content=\"Service - GRAFEN - Profesjonalne wyposa\u017cenie restauracji\" \/>\n<meta property=\"og:description\" content=\"Wy\u015blij zg\u0142oszenie serwisowe, zaloguj si\u0119 do Platformy Serwisowej dla Klient\u00f3w. Gwarantujemy sprawn\u0105 pomoc w rozwi\u0105zaniu problemu.\" \/>\n<meta property=\"og:url\" content=\"https:\/\/grafen.com\/ro\/service\/\" \/>\n<meta property=\"og:site_name\" content=\"GRAFEN - Profesjonalne wyposa\u017cenie restauracji\" \/>\n<meta property=\"article:publisher\" content=\"https:\/\/www.facebook.com\/grafenrestaurantequipment\" \/>\n<meta property=\"article:modified_time\" content=\"2023-12-08T08:51:41+00:00\" \/>\n<meta property=\"og:image\" content=\"https:\/\/grafen.com\/wp-content\/uploads\/2022\/01\/strona-glowna-Grafen.png\" \/>\n\t<meta property=\"og:image:width\" content=\"1537\" \/>\n\t<meta property=\"og:image:height\" content=\"837\" \/>\n\t<meta property=\"og:image:type\" content=\"image\/png\" \/>\n<meta name=\"twitter:card\" content=\"summary_large_image\" \/>\n<script type=\"application\/ld+json\" class=\"yoast-schema-graph\">{\"@context\":\"https:\\\/\\\/schema.org\",\"@graph\":[{\"@type\":\"WebPage\",\"@id\":\"https:\\\/\\\/grafen.com\\\/ro\\\/service\\\/\",\"url\":\"https:\\\/\\\/grafen.com\\\/ro\\\/service\\\/\",\"name\":\"Service - GRAFEN - Profesjonalne wyposa\u017cenie restauracji\",\"isPartOf\":{\"@id\":\"https:\\\/\\\/grafen.com\\\/#website\"},\"datePublished\":\"2021-11-23T08:08:14+00:00\",\"dateModified\":\"2023-12-08T08:51:41+00:00\",\"description\":\"Wy\u015blij zg\u0142oszenie serwisowe, zaloguj si\u0119 do Platformy Serwisowej dla Klient\u00f3w. Gwarantujemy sprawn\u0105 pomoc w rozwi\u0105zaniu problemu.\",\"breadcrumb\":{\"@id\":\"https:\\\/\\\/grafen.com\\\/ro\\\/service\\\/#breadcrumb\"},\"inLanguage\":\"ro-RO\",\"potentialAction\":[{\"@type\":\"ReadAction\",\"target\":[\"https:\\\/\\\/grafen.com\\\/ro\\\/service\\\/\"]}]},{\"@type\":\"BreadcrumbList\",\"@id\":\"https:\\\/\\\/grafen.com\\\/ro\\\/service\\\/#breadcrumb\",\"itemListElement\":[{\"@type\":\"ListItem\",\"position\":1,\"name\":\"Strona g\u0142\u00f3wna\",\"item\":\"https:\\\/\\\/grafen.com\\\/ro\\\/\"},{\"@type\":\"ListItem\",\"position\":2,\"name\":\"Service\"}]},{\"@type\":\"WebSite\",\"@id\":\"https:\\\/\\\/grafen.com\\\/#website\",\"url\":\"https:\\\/\\\/grafen.com\\\/\",\"name\":\"GRAFEN - Profesjonalne wyposa\u017cenie restauracji\",\"description\":\"Profesjonalne urz\u0105dzenia gastronomiczne\",\"publisher\":{\"@id\":\"https:\\\/\\\/grafen.com\\\/#organization\"},\"potentialAction\":[{\"@type\":\"SearchAction\",\"target\":{\"@type\":\"EntryPoint\",\"urlTemplate\":\"https:\\\/\\\/grafen.com\\\/?s={search_term_string}\"},\"query-input\":{\"@type\":\"PropertyValueSpecification\",\"valueRequired\":true,\"valueName\":\"search_term_string\"}}],\"inLanguage\":\"ro-RO\"},{\"@type\":\"Organization\",\"@id\":\"https:\\\/\\\/grafen.com\\\/#organization\",\"name\":\"GRAFEN - Profesjonalne wyposa\u017cenie restauracji\",\"url\":\"https:\\\/\\\/grafen.com\\\/\",\"logo\":{\"@type\":\"ImageObject\",\"inLanguage\":\"ro-RO\",\"@id\":\"https:\\\/\\\/grafen.com\\\/#\\\/schema\\\/logo\\\/image\\\/\",\"url\":\"https:\\\/\\\/grafen.com\\\/wp-content\\\/uploads\\\/2023\\\/03\\\/grafen-sygnet.png\",\"contentUrl\":\"https:\\\/\\\/grafen.com\\\/wp-content\\\/uploads\\\/2023\\\/03\\\/grafen-sygnet.png\",\"width\":66,\"height\":66,\"caption\":\"GRAFEN - Profesjonalne wyposa\u017cenie restauracji\"},\"image\":{\"@id\":\"https:\\\/\\\/grafen.com\\\/#\\\/schema\\\/logo\\\/image\\\/\"},\"sameAs\":[\"https:\\\/\\\/www.facebook.com\\\/grafenrestaurantequipment\"]}]}<\/script>\n<!-- \/ Yoast SEO plugin. -->","yoast_head_json":{"title":"Service - GRAFEN - Profesjonalne wyposa\u017cenie restauracji","description":"Wy\u015blij zg\u0142oszenie serwisowe, zaloguj si\u0119 do Platformy Serwisowej dla Klient\u00f3w. Gwarantujemy sprawn\u0105 pomoc w rozwi\u0105zaniu problemu.","robots":{"index":"index","follow":"follow","max-snippet":"max-snippet:-1","max-image-preview":"max-image-preview:large","max-video-preview":"max-video-preview:-1"},"canonical":"https:\/\/grafen.com\/ro\/service\/","og_locale":"ro_RO","og_type":"article","og_title":"Service - GRAFEN - Profesjonalne wyposa\u017cenie restauracji","og_description":"Wy\u015blij zg\u0142oszenie serwisowe, zaloguj si\u0119 do Platformy Serwisowej dla Klient\u00f3w. Gwarantujemy sprawn\u0105 pomoc w rozwi\u0105zaniu problemu.","og_url":"https:\/\/grafen.com\/ro\/service\/","og_site_name":"GRAFEN - Profesjonalne wyposa\u017cenie restauracji","article_publisher":"https:\/\/www.facebook.com\/grafenrestaurantequipment","article_modified_time":"2023-12-08T08:51:41+00:00","og_image":[{"width":1537,"height":837,"url":"https:\/\/grafen.com\/wp-content\/uploads\/2022\/01\/strona-glowna-Grafen.png","type":"image\/png"}],"twitter_card":"summary_large_image","schema":{"@context":"https:\/\/schema.org","@graph":[{"@type":"WebPage","@id":"https:\/\/grafen.com\/ro\/service\/","url":"https:\/\/grafen.com\/ro\/service\/","name":"Service - GRAFEN - Profesjonalne wyposa\u017cenie restauracji","isPartOf":{"@id":"https:\/\/grafen.com\/#website"},"datePublished":"2021-11-23T08:08:14+00:00","dateModified":"2023-12-08T08:51:41+00:00","description":"Wy\u015blij zg\u0142oszenie serwisowe, zaloguj si\u0119 do Platformy Serwisowej dla Klient\u00f3w. Gwarantujemy sprawn\u0105 pomoc w rozwi\u0105zaniu problemu.","breadcrumb":{"@id":"https:\/\/grafen.com\/ro\/service\/#breadcrumb"},"inLanguage":"ro-RO","potentialAction":[{"@type":"ReadAction","target":["https:\/\/grafen.com\/ro\/service\/"]}]},{"@type":"BreadcrumbList","@id":"https:\/\/grafen.com\/ro\/service\/#breadcrumb","itemListElement":[{"@type":"ListItem","position":1,"name":"Strona g\u0142\u00f3wna","item":"https:\/\/grafen.com\/ro\/"},{"@type":"ListItem","position":2,"name":"Service"}]},{"@type":"WebSite","@id":"https:\/\/grafen.com\/#website","url":"https:\/\/grafen.com\/","name":"GRAFEN - Profesjonalne wyposa\u017cenie restauracji","description":"Profesjonalne urz\u0105dzenia gastronomiczne","publisher":{"@id":"https:\/\/grafen.com\/#organization"},"potentialAction":[{"@type":"SearchAction","target":{"@type":"EntryPoint","urlTemplate":"https:\/\/grafen.com\/?s={search_term_string}"},"query-input":{"@type":"PropertyValueSpecification","valueRequired":true,"valueName":"search_term_string"}}],"inLanguage":"ro-RO"},{"@type":"Organization","@id":"https:\/\/grafen.com\/#organization","name":"GRAFEN - Profesjonalne wyposa\u017cenie restauracji","url":"https:\/\/grafen.com\/","logo":{"@type":"ImageObject","inLanguage":"ro-RO","@id":"https:\/\/grafen.com\/#\/schema\/logo\/image\/","url":"https:\/\/grafen.com\/wp-content\/uploads\/2023\/03\/grafen-sygnet.png","contentUrl":"https:\/\/grafen.com\/wp-content\/uploads\/2023\/03\/grafen-sygnet.png","width":66,"height":66,"caption":"GRAFEN - Profesjonalne wyposa\u017cenie restauracji"},"image":{"@id":"https:\/\/grafen.com\/#\/schema\/logo\/image\/"},"sameAs":["https:\/\/www.facebook.com\/grafenrestaurantequipment"]}]}},"_links":{"self":[{"href":"https:\/\/grafen.com\/ro\/wp-json\/wp\/v2\/pages\/7187","targetHints":{"allow":["GET"]}}],"collection":[{"href":"https:\/\/grafen.com\/ro\/wp-json\/wp\/v2\/pages"}],"about":[{"href":"https:\/\/grafen.com\/ro\/wp-json\/wp\/v2\/types\/page"}],"author":[{"embeddable":true,"href":"https:\/\/grafen.com\/ro\/wp-json\/wp\/v2\/users\/1"}],"replies":[{"embeddable":true,"href":"https:\/\/grafen.com\/ro\/wp-json\/wp\/v2\/comments?post=7187"}],"version-history":[{"count":7,"href":"https:\/\/grafen.com\/ro\/wp-json\/wp\/v2\/pages\/7187\/revisions"}],"predecessor-version":[{"id":9110,"href":"https:\/\/grafen.com\/ro\/wp-json\/wp\/v2\/pages\/7187\/revisions\/9110"}],"wp:attachment":[{"href":"https:\/\/grafen.com\/ro\/wp-json\/wp\/v2\/media?parent=7187"}],"curies":[{"name":"wp","href":"https:\/\/api.w.org\/{rel}","templated":true}]}}