{"id":6100,"date":"2021-10-25T14:57:33","date_gmt":"2021-10-25T12:57:33","guid":{"rendered":"https:\/\/grafen.com\/produkty\/ciagi-kuchenne\/"},"modified":"2023-12-08T09:36:53","modified_gmt":"2023-12-08T08:36:53","slug":"linii-de-bucatarie","status":"publish","type":"page","link":"https:\/\/grafen.com\/ro\/produse\/linii-de-bucatarie\/","title":{"rendered":"Linii de buc\u0103t\u0103rie"},"content":{"rendered":"\n\n\n    <section class=\"block-section-header section-bg-color-white\">\n        <div class=\"wrapper\">\n                            <div class=\"logo\"><img decoding=\"async\" src=\"https:\/\/grafen.com\/wp-content\/uploads\/2022\/12\/logo_Dexion-sdrednie-kafelki.png\" alt=\"Logo sekcji\"><\/div>\n            \n            <div class=\"content\">\n                <div class=\"left\"><h2><p>Linii de buc\u0103t\u0103rie<\/p>\n<\/h2><\/div>\n                <div class=\"right\"><p>DEXION este unul dintre cei mai importan\u021bi produc\u0103tori din sectorul echipamentelor de catering, at\u00e2t \u00een Italia, c\u00e2t \u0219i \u00een str\u0103in\u0103tate. \u00cenfiin\u021bat\u0103 \u00een 1972, compania se caracterizeaz\u0103 prin calitatea \u0219i fiabilitatea echipamentelor sale \u0219i, mai presus de toate, ofer\u0103 solu\u021bii unice \u0219i inovatoare pentru a \u00eembun\u0103t\u0103\u021bi activitatea profesioni\u0219tilor din industria cateringului. Din 1998, DEXION face parte din Illnois Tool Work (ITW) &#8211; o companie care, de la \u00eenfiin\u021barea sa \u00een urm\u0103 cu peste 100 de ani, a devenit unul dintre cei mai importan\u021bi produc\u0103tori mondiali de echipamente industriale specializate \u0219i bunuri de consum. Pentru a r\u0103spunde a\u0219tept\u0103rilor clien\u021bilor, compania a creat o echip\u0103 profesionist\u0103 de designeri care lucreaz\u0103 constant pentru a crea solu\u021bii noi \u0219i caracteristici inovatoare pentru o buc\u0103t\u0103rie profesional\u0103.<\/p>\n<\/div>\n            <\/div>\n        <\/div>\n    <\/section>\n\n\n\n\n<section class=\"block-checker section-bg-color-gray\">\n    <div class=\"wrapper\">\n        <div class=\"wrapper-narrow\">\n                            <div class=\"row\">\n                    <figure>\n                        <img decoding=\"async\" src=\"https:\/\/grafen.com\/wp-content\/uploads\/2022\/10\/palniki-Flex-Burners_Grafen2020-scaled-1-1024x1024.jpg\" alt=\"\">\n                    <\/figure>\n                    <div>\n                        <p>Arz\u0103toare FLEX de 7 kW, fiecare cu flacar\u0103 dubl\u0103 orizontal\u0103 (flacar\u0103 suprapus\u0103) la toate ma\u0219inile de g\u0103tit pe gaz dac\u0103 flacara pilot a fost stins\u0103, fapt ce confer\u0103 siguran\u021b\u0103 crescut\u0103 la locul de munc\u0103.<\/p>\n<ul>\n<li>Fiecare arz\u0103tor este echipat cu o flacar\u0103 pilot (flacar\u0103 de control) \u0219i un termocuplu (dispozitiv de siguran\u021b\u0103, care opre\u0219te alimentarea cu gaz)<\/li>\n<li><\/li>\n<li>Arz\u0103toarele pot fi reglate cu u\u0219urin\u021b\u0103 de la 1,5 kW p\u00e2n\u0103 la 7 kW cu ajutorul unui buton ergonomic.<\/li>\n<li>Design robust \u0219i simplu al arz\u0103torului pentru o cur\u0103\u021bare rapid\u0103<\/li>\n<\/ul>\n<div class=\"button-wrapper\"><a href=\"https:\/\/catalogue.hendi.eu\/hendi-ro\/catalogue-2023\/grafen-20232024\/?page=232\" class=\"button\" target=\"_blank\"> Vezi catalogul<\/a><\/div>                    <\/div>\n                <\/div>\n                    <\/div>\n    <\/div>\n<\/section>\n\n\n\n\n<section class=\"block-tabs js-toggle-active section-bg-color-white\">\n    <div class=\"wrapper\">\n        <div class=\"tabs-headings\">\n                            <a href=\"#0\" class=\"click-element active\">\n                    <h5>LUX PRO 700<\/h5>\n                    <p>Un element central al buc\u0103t\u0103riei dumneavoastr\u0103<\/p>\n                <\/a>\n                            <a href=\"#0\" class=\"click-element \">\n                    <h5>LUX PRO 900<\/h5>\n                    <p>Robust, cu un design atractiv<\/p>\n                <\/a>\n                    <\/div>\n        <div class=\"tabs-content\">\n                            <div class=\"single-tab target-element active\">\n                    <div>\n                        <p>Atent\u0103 la nevoile clien\u021bilor \u0219i la tendin\u021bele pie\u021bei, linia LuxPro 700 este conceput\u0103 pentru a oferi un r\u0103spuns specific la nevoile clien\u021bilor \u0219i o ofert\u0103 unic\u0103 de ma\u0219ini robuste, eficiente, u\u0219or de utilizat \u0219i de \u00eentre\u021binut. Designul noii linia LuxPro 700 p\u0103streaz\u0103 caracteristicile distinctive care fac ca linia Lux s\u0103 fie recunoscut\u0103 pe pia\u021ba mondial\u0103. Noul design, cu linia mai ergonomice \u0219i mai rafinate, se remarc\u0103 prin modernitate \u0219i elegan\u021b\u0103.<\/p>\n<ul>\n<li>Ad\u00e2ncime: 73 cm<\/li>\n<li>Module disponibile: 40-70-110 cm<\/li>\n<li>Grosime tabletop: 1.5 mm<\/li>\n<li>Rezistent la ap\u0103: IPX5<\/li>\n<\/ul>\n<div class=\"button-wrapper\"><a href=\"https:\/\/catalogue.hendi.eu\/hendi-ro\/catalogue-2023\/grafen-20232024\/?page=234\" class=\"button\" target=\"_blank\"> Vezi catalogul<\/a><\/div>                    <\/div>\n\n                                            <figure><img decoding=\"async\" src=\"https:\/\/grafen.com\/wp-content\/uploads\/2023\/12\/LUX-PRO-700_1-1024x802.jpg\" alt=\"\"><\/figure>\n                                    <\/div>\n                            <div class=\"single-tab target-element \">\n                    <div>\n                        <p>Proiectate \u0219i fabricate pentru a garanta fiabilitate \u0219i performan\u021be ridicate pentru o perioad\u0103 lung\u0103 de timp. Robuste\u021bea, performan\u021ba \u0219i designul caracterizeaz\u0103 aceast\u0103 linie. Modularitatea LUX PRO 900 permite o utilizare excelent\u0103 a spa\u021biului disponibil, datorit\u0103 gamei largi de modele disponibile. Oferta extins\u0103 v\u0103 permite, de asemenea, s\u0103 v\u0103 personaliza\u021bi \u0219i s\u0103 v\u0103 eficientiza\u021bi spa\u021biul din buc\u0103t\u0103rie prin crearea unei compozi\u021bii de una sau dou\u0103 linie spate \u00een spate, care poate fi combinat\u0103 \u0219i cu elementele LUX PRO 700.<\/p>\n<ul>\n<li>Ad\u00e2ncime: 90cm<\/li>\n<li>Module disponibile: 40-80-120 cm<\/li>\n<li>Grosime tabletop: 2 mm<\/li>\n<\/ul>\n<div class=\"button-wrapper\"><a href=\"https:\/\/catalogue.hendi.eu\/hendi-ro\/catalogue-2023\/grafen-20232024\/?page=296\" class=\"button\" target=\"_blank\"> Vezi catalogul<\/a><\/div>                    <\/div>\n\n                                            <figure><img decoding=\"async\" src=\"https:\/\/grafen.com\/wp-content\/uploads\/2023\/12\/lux-pro-700_2-1024x683.jpg\" alt=\"\"><\/figure>\n                                    <\/div>\n            \n        <\/div>\n    <\/div>\n<\/section>\n\n\n\n\n<section class=\"block-tabs js-toggle-active section-bg-color-white\">\n    <div class=\"wrapper\">\n        <div class=\"tabs-headings\">\n                            <a href=\"#0\" class=\"click-element active\">\n                    <h5>SERIE PLUS 700<\/h5>\n                    <p>Compact, fiabil \u0219i bine g\u00e2ndit<\/p>\n                <\/a>\n                            <a href=\"#0\" class=\"click-element \">\n                    <h5>SERIE PLUS 900<\/h5>\n                    <p>O baz\u0103 fiabil\u0103 \u0219i eficient\u0103 pentru afacerea dvs.<\/p>\n                <\/a>\n                    <\/div>\n        <div class=\"tabs-content\">\n                            <div class=\"single-tab target-element active\">\n                    <div>\n                        <p>Cea mai bun\u0103 solu\u021bie pentru echiparea buc\u0103t\u0103riilor de dimensiuni mici \u0219i medii. Fiabilitatea, dimensiunile compacte \u0219i confortul caracterizeaz\u0103 aceast\u0103 linie. Versatil\u0103 \u0219i flexibil\u0103, SERIE PLUS 700 este proiectat\u0103 \u0219i fabricat\u0103 pentru a garanta fiabilitatea la standarde \u00eenalte de calitate. SERIE PLUS 700 ofer\u0103 o gam\u0103 complet\u0103 de echipamente care v\u0103 permite s\u0103 v\u0103 personaliza\u021bi complet buc\u0103t\u0103ria pentru a r\u0103spunde nevoilor dumneavoastr\u0103.<\/p>\n<ul>\n<li>Ad\u00e2ncime: 70 cm<\/li>\n<li>Module disponibile: 40-70-110 cm<\/li>\n<li>Grosime tabletop: 1 mm<\/li>\n<\/ul>\n<div class=\"button-wrapper\"><a href=\"https:\/\/catalogue.hendi.eu\/hendi-ro\/catalogue-2023\/grafen-20232024\/?page=346\" class=\"button\" target=\"_blank\"> Vezi catalogul<\/a><\/div>                    <\/div>\n\n                                            <figure><img decoding=\"async\" src=\"https:\/\/grafen.com\/wp-content\/uploads\/2023\/12\/serie-plus-700-1-792x1024.jpg\" alt=\"\"><\/figure>\n                                    <\/div>\n                            <div class=\"single-tab target-element \">\n                    <div>\n                        <p>Ideal pentru buc\u0103t\u0103rii medii \u0219i mari. Fiabilitatea, robuste\u021bea \u0219i confortul sunt semnele distinctive ale acestei game. Versatil\u0103 \u0219i flexibil\u0103, SERIE PLUS 900 este proiectat\u0103 \u0219i fabricat\u0103 pentru a garanta fiabilitatea la standarde de \u00eenalt\u0103 calitate. SERIE PLUS 900 ofer\u0103 o gam\u0103 complet\u0103 de echipamente care v\u0103 permite s\u0103 v\u0103 personaliza\u021bi complet buc\u0103t\u0103ria pentru a r\u0103spunde nevoilor dumneavoastr\u0103.<\/p>\n<ul>\n<li>Ad\u00e2ncime: 90 cm<\/li>\n<li>Module disponibile: 40-80-120 cm<\/li>\n<li>Grosime tabletop: 1 mm<\/li>\n<\/ul>\n<div class=\"button-wrapper\"><a href=\"https:\/\/catalogue.hendi.eu\/hendi-ro\/catalogue-2023\/grafen-20232024\/?page=392\" class=\"button\" target=\"_blank\"> Vezi catalogul<\/a><\/div>                    <\/div>\n\n                                            <figure><img decoding=\"async\" src=\"https:\/\/grafen.com\/wp-content\/uploads\/2023\/12\/serie-plus-900-1024x683.jpg\" alt=\"\"><\/figure>\n                                    <\/div>\n            \n        <\/div>\n    <\/div>\n<\/section>\n\n\n\n<div class=\"embedded-contact-form wrapper\">\n    <div class=\"form-container\">\n        <h2>Dori\u021bi s\u0103 afla\u021bi mai multe despre ceea ce v\u0103 oferim? Sunte\u021bi \u00een c\u0103utarea celei mai bune solu\u021bii pentru afacerea dumneavoastr\u0103?<\/h2>\n        <p>Contacta\u021bi-ne, iar noi venim cu solu\u021bii pentru buc\u0103t\u0103ria dvs.<\/p>\n                <div class=\"forminator-ui forminator-custom-form forminator-custom-form-7429 forminator-design--default  forminator_ajax\" data-forminator-render=\"0\" data-form=\"forminator-module-7429\" data-uid=\"69e35af51dadd\"><br\/><\/div><form\n\t\t\t\tid=\"forminator-module-7429\"\n\t\t\t\tclass=\"forminator-ui forminator-custom-form forminator-custom-form-7429 forminator-design--default  forminator_ajax\"\n\t\t\t\tmethod=\"post\"\n\t\t\t\tdata-forminator-render=\"0\"\n\t\t\t\tdata-form-id=\"7429\"\n\t\t\t\t data-color-option=\"default\" data-design=\"default\" data-grid=\"open\" style=\"display: none;\"\n\t\t\t\tdata-uid=\"69e35af51dadd\"\n\t\t\t><div role=\"alert\" aria-live=\"polite\" class=\"forminator-response-message forminator-error\" aria-hidden=\"true\"><\/div><div class=\"forminator-row\"><div id=\"name-1\" class=\"forminator-field-name forminator-col forminator-col-12  hide-label\"><div class=\"forminator-field\"><label for=\"forminator-field-name-1_69e35af51dadd\" id=\"forminator-field-name-1_69e35af51dadd-label\" class=\"forminator-label\">Name<\/label><input type=\"text\" name=\"name-1\" value=\"\" placeholder=\"Numele dumneavoastr\u0103\" id=\"forminator-field-name-1_69e35af51dadd\" class=\"forminator-input forminator-name--field\" aria-required=\"false\" autocomplete=\"name\" \/><\/div><\/div><\/div><div class=\"forminator-row\"><div id=\"email-1\" class=\"forminator-field-email forminator-col forminator-col-12 \"><div class=\"forminator-field\"><input type=\"email\" name=\"email-1\" value=\"\" placeholder=\"Adresa de email\" id=\"forminator-field-email-1_69e35af51dadd\" class=\"forminator-input forminator-email--field\" data-required=\"1\" aria-required=\"true\" autocomplete=\"email\" \/><\/div><\/div><\/div><div class=\"forminator-row\"><div id=\"select-1\" class=\"forminator-field-select forminator-col forminator-col-12 \"><div class=\"forminator-field\"><select  id=\"forminator-form-7429__field--select-1_69e35af51dadd\" class=\"forminator-select--field forminator-select2 forminator-select2-multiple\" data-required=\"1\" name=\"select-1\" data-default-value=\"\" data-placeholder=\"Alege un subiect\" data-search=\"false\" data-search-placeholder=\"Alege un subiect\" data-checkbox=\"false\" data-allow-clear=\"false\" aria-labelledby=\"forminator-form-7429__field--select-1_69e35af51dadd-label\"><option value=\"\"  >Alege un subiect<\/option><option value=\"Oferta-handlowa\"  data-calculation=\"0\">Ofert\u0103 comercial\u0103<\/option><option value=\"Szkolenia\"  data-calculation=\"0\">Instruire<\/option><option value=\"Projekt-technologii\"  data-calculation=\"0\">Proiect tehnologic<\/option><option value=\"Serwis---gwarancja\"  data-calculation=\"0\">Service\/Garantie<\/option><option value=\"Inne\"  data-calculation=\"0\">Alte<\/option><\/select><\/div><\/div><\/div><div class=\"forminator-row\"><div id=\"textarea-1\" class=\"forminator-field-textarea forminator-col forminator-col-12  hide-label\"><div class=\"forminator-field\"><label for=\"forminator-field-textarea-1_69e35af51dadd\" id=\"forminator-field-textarea-1_69e35af51dadd-label\" class=\"forminator-label\">Wiadomo\u015b\u0107<\/label><textarea name=\"textarea-1\" placeholder=\"Mesaj\" id=\"forminator-field-textarea-1_69e35af51dadd\" class=\"forminator-textarea\" rows=\"6\" style=\"min-height:140px;\" ><\/textarea><\/div><\/div><\/div><div class=\"forminator-row\" style=\"margin: 0;\"><div id=\"captcha-1\" class=\"forminator-field-captcha  forminator-col-12 \"><div class=\"forminator-captcha-left forminator-g-recaptcha recaptcha-invisible\" data-theme=\"light\" data-badge=\"bottomright\" data-sitekey=\"6LcIvh4eAAAAAJ6Ad45hMhSSPwG2-tOLGAo8tpc0\" data-size=\"invisible\"><\/div> <\/div><\/div><input type=\"hidden\" name=\"referer_url\" value=\"\" \/><div class=\"forminator-row forminator-row-last\"><div class=\"forminator-col\"><div class=\"forminator-field\"><button class=\"forminator-button forminator-button-submit\">Trimite<\/button><\/div><\/div><\/div><input type=\"hidden\" id=\"forminator_nonce\" name=\"forminator_nonce\" value=\"df8c5a0c16\" \/><input type=\"hidden\" name=\"_wp_http_referer\" value=\"\/ro\/wp-json\/wp\/v2\/pages\/6100\" \/><input type=\"hidden\" name=\"form_id\" value=\"7429\"><input type=\"hidden\" name=\"page_id\" value=\"6100\"><input type=\"hidden\" name=\"form_type\" value=\"default\"><input type=\"hidden\" name=\"current_url\" value=\"https:\/\/grafen.com\/ro\/produse\/linii-de-bucatarie\/\"><input type=\"hidden\" name=\"render_id\" value=\"0\"><input type=\"hidden\" name=\"action\" value=\"forminator_submit_form_custom-forms\"><\/form>            <\/div>\n\n    <figure>\n        <img decoding=\"async\" src=\"\" alt=\"Kontakt\">\n    <\/figure>\n<\/div>","protected":false},"excerpt":{"rendered":"","protected":false},"author":1,"featured_media":5838,"parent":6030,"menu_order":3,"comment_status":"closed","ping_status":"closed","template":"page-templates\/products.php","meta":{"_acf_changed":false,"inline_featured_image":false,"footnotes":""},"class_list":["post-6100","page","type-page","status-publish","has-post-thumbnail","hentry"],"acf":[],"yoast_head":"<!-- This site is optimized with the Yoast SEO plugin v27.4 - https:\/\/yoast.com\/product\/yoast-seo-wordpress\/ -->\n<title>Linii de buc\u0103t\u0103rie - GRAFEN - Profesjonalne wyposa\u017cenie restauracji<\/title>\n<meta name=\"robots\" content=\"index, follow, max-snippet:-1, max-image-preview:large, max-video-preview:-1\" \/>\n<link rel=\"canonical\" href=\"https:\/\/grafen.com\/ro\/produse\/linii-de-bucatarie\/\" \/>\n<meta property=\"og:locale\" content=\"ro_RO\" \/>\n<meta property=\"og:type\" content=\"article\" \/>\n<meta property=\"og:title\" content=\"Linii de buc\u0103t\u0103rie - GRAFEN - Profesjonalne wyposa\u017cenie restauracji\" \/>\n<meta property=\"og:url\" content=\"https:\/\/grafen.com\/ro\/produse\/linii-de-bucatarie\/\" \/>\n<meta property=\"og:site_name\" content=\"GRAFEN - Profesjonalne wyposa\u017cenie restauracji\" \/>\n<meta property=\"article:publisher\" content=\"https:\/\/www.facebook.com\/grafenrestaurantequipment\" \/>\n<meta property=\"article:modified_time\" content=\"2023-12-08T08:36:53+00:00\" \/>\n<meta property=\"og:image\" content=\"https:\/\/grafen.com\/wp-content\/uploads\/2022\/01\/strona-glowna-Grafen.png\" \/>\n\t<meta property=\"og:image:width\" content=\"1537\" \/>\n\t<meta property=\"og:image:height\" content=\"837\" \/>\n\t<meta property=\"og:image:type\" content=\"image\/png\" \/>\n<meta name=\"twitter:card\" content=\"summary_large_image\" \/>\n<script type=\"application\/ld+json\" class=\"yoast-schema-graph\">{\"@context\":\"https:\\\/\\\/schema.org\",\"@graph\":[{\"@type\":\"WebPage\",\"@id\":\"https:\\\/\\\/grafen.com\\\/ro\\\/produse\\\/linii-de-bucatarie\\\/\",\"url\":\"https:\\\/\\\/grafen.com\\\/ro\\\/produse\\\/linii-de-bucatarie\\\/\",\"name\":\"Linii de buc\u0103t\u0103rie - GRAFEN - Profesjonalne wyposa\u017cenie restauracji\",\"isPartOf\":{\"@id\":\"https:\\\/\\\/grafen.com\\\/#website\"},\"primaryImageOfPage\":{\"@id\":\"https:\\\/\\\/grafen.com\\\/ro\\\/produse\\\/linii-de-bucatarie\\\/#primaryimage\"},\"image\":{\"@id\":\"https:\\\/\\\/grafen.com\\\/ro\\\/produse\\\/linii-de-bucatarie\\\/#primaryimage\"},\"thumbnailUrl\":\"https:\\\/\\\/grafen.com\\\/wp-content\\\/uploads\\\/2021\\\/10\\\/product-card-ciagi-kuchenne.svg\",\"datePublished\":\"2021-10-25T12:57:33+00:00\",\"dateModified\":\"2023-12-08T08:36:53+00:00\",\"breadcrumb\":{\"@id\":\"https:\\\/\\\/grafen.com\\\/ro\\\/produse\\\/linii-de-bucatarie\\\/#breadcrumb\"},\"inLanguage\":\"ro-RO\",\"potentialAction\":[{\"@type\":\"ReadAction\",\"target\":[\"https:\\\/\\\/grafen.com\\\/ro\\\/produse\\\/linii-de-bucatarie\\\/\"]}]},{\"@type\":\"ImageObject\",\"inLanguage\":\"ro-RO\",\"@id\":\"https:\\\/\\\/grafen.com\\\/ro\\\/produse\\\/linii-de-bucatarie\\\/#primaryimage\",\"url\":\"https:\\\/\\\/grafen.com\\\/wp-content\\\/uploads\\\/2021\\\/10\\\/product-card-ciagi-kuchenne.svg\",\"contentUrl\":\"https:\\\/\\\/grafen.com\\\/wp-content\\\/uploads\\\/2021\\\/10\\\/product-card-ciagi-kuchenne.svg\"},{\"@type\":\"BreadcrumbList\",\"@id\":\"https:\\\/\\\/grafen.com\\\/ro\\\/produse\\\/linii-de-bucatarie\\\/#breadcrumb\",\"itemListElement\":[{\"@type\":\"ListItem\",\"position\":1,\"name\":\"Strona g\u0142\u00f3wna\",\"item\":\"https:\\\/\\\/grafen.com\\\/ro\\\/\"},{\"@type\":\"ListItem\",\"position\":2,\"name\":\"Produse\",\"item\":\"https:\\\/\\\/grafen.com\\\/ro\\\/produse\\\/\"},{\"@type\":\"ListItem\",\"position\":3,\"name\":\"Linii de buc\u0103t\u0103rie\"}]},{\"@type\":\"WebSite\",\"@id\":\"https:\\\/\\\/grafen.com\\\/#website\",\"url\":\"https:\\\/\\\/grafen.com\\\/\",\"name\":\"GRAFEN - Profesjonalne wyposa\u017cenie restauracji\",\"description\":\"Profesjonalne urz\u0105dzenia gastronomiczne\",\"publisher\":{\"@id\":\"https:\\\/\\\/grafen.com\\\/#organization\"},\"potentialAction\":[{\"@type\":\"SearchAction\",\"target\":{\"@type\":\"EntryPoint\",\"urlTemplate\":\"https:\\\/\\\/grafen.com\\\/?s={search_term_string}\"},\"query-input\":{\"@type\":\"PropertyValueSpecification\",\"valueRequired\":true,\"valueName\":\"search_term_string\"}}],\"inLanguage\":\"ro-RO\"},{\"@type\":\"Organization\",\"@id\":\"https:\\\/\\\/grafen.com\\\/#organization\",\"name\":\"GRAFEN - Profesjonalne wyposa\u017cenie restauracji\",\"url\":\"https:\\\/\\\/grafen.com\\\/\",\"logo\":{\"@type\":\"ImageObject\",\"inLanguage\":\"ro-RO\",\"@id\":\"https:\\\/\\\/grafen.com\\\/#\\\/schema\\\/logo\\\/image\\\/\",\"url\":\"https:\\\/\\\/grafen.com\\\/wp-content\\\/uploads\\\/2023\\\/03\\\/grafen-sygnet.png\",\"contentUrl\":\"https:\\\/\\\/grafen.com\\\/wp-content\\\/uploads\\\/2023\\\/03\\\/grafen-sygnet.png\",\"width\":66,\"height\":66,\"caption\":\"GRAFEN - Profesjonalne wyposa\u017cenie restauracji\"},\"image\":{\"@id\":\"https:\\\/\\\/grafen.com\\\/#\\\/schema\\\/logo\\\/image\\\/\"},\"sameAs\":[\"https:\\\/\\\/www.facebook.com\\\/grafenrestaurantequipment\"]}]}<\/script>\n<!-- \/ Yoast SEO plugin. -->","yoast_head_json":{"title":"Linii de buc\u0103t\u0103rie - GRAFEN - Profesjonalne wyposa\u017cenie restauracji","robots":{"index":"index","follow":"follow","max-snippet":"max-snippet:-1","max-image-preview":"max-image-preview:large","max-video-preview":"max-video-preview:-1"},"canonical":"https:\/\/grafen.com\/ro\/produse\/linii-de-bucatarie\/","og_locale":"ro_RO","og_type":"article","og_title":"Linii de buc\u0103t\u0103rie - GRAFEN - Profesjonalne wyposa\u017cenie restauracji","og_url":"https:\/\/grafen.com\/ro\/produse\/linii-de-bucatarie\/","og_site_name":"GRAFEN - Profesjonalne wyposa\u017cenie restauracji","article_publisher":"https:\/\/www.facebook.com\/grafenrestaurantequipment","article_modified_time":"2023-12-08T08:36:53+00:00","og_image":[{"width":1537,"height":837,"url":"https:\/\/grafen.com\/wp-content\/uploads\/2022\/01\/strona-glowna-Grafen.png","type":"image\/png"}],"twitter_card":"summary_large_image","schema":{"@context":"https:\/\/schema.org","@graph":[{"@type":"WebPage","@id":"https:\/\/grafen.com\/ro\/produse\/linii-de-bucatarie\/","url":"https:\/\/grafen.com\/ro\/produse\/linii-de-bucatarie\/","name":"Linii de buc\u0103t\u0103rie - GRAFEN - Profesjonalne wyposa\u017cenie restauracji","isPartOf":{"@id":"https:\/\/grafen.com\/#website"},"primaryImageOfPage":{"@id":"https:\/\/grafen.com\/ro\/produse\/linii-de-bucatarie\/#primaryimage"},"image":{"@id":"https:\/\/grafen.com\/ro\/produse\/linii-de-bucatarie\/#primaryimage"},"thumbnailUrl":"https:\/\/grafen.com\/wp-content\/uploads\/2021\/10\/product-card-ciagi-kuchenne.svg","datePublished":"2021-10-25T12:57:33+00:00","dateModified":"2023-12-08T08:36:53+00:00","breadcrumb":{"@id":"https:\/\/grafen.com\/ro\/produse\/linii-de-bucatarie\/#breadcrumb"},"inLanguage":"ro-RO","potentialAction":[{"@type":"ReadAction","target":["https:\/\/grafen.com\/ro\/produse\/linii-de-bucatarie\/"]}]},{"@type":"ImageObject","inLanguage":"ro-RO","@id":"https:\/\/grafen.com\/ro\/produse\/linii-de-bucatarie\/#primaryimage","url":"https:\/\/grafen.com\/wp-content\/uploads\/2021\/10\/product-card-ciagi-kuchenne.svg","contentUrl":"https:\/\/grafen.com\/wp-content\/uploads\/2021\/10\/product-card-ciagi-kuchenne.svg"},{"@type":"BreadcrumbList","@id":"https:\/\/grafen.com\/ro\/produse\/linii-de-bucatarie\/#breadcrumb","itemListElement":[{"@type":"ListItem","position":1,"name":"Strona g\u0142\u00f3wna","item":"https:\/\/grafen.com\/ro\/"},{"@type":"ListItem","position":2,"name":"Produse","item":"https:\/\/grafen.com\/ro\/produse\/"},{"@type":"ListItem","position":3,"name":"Linii de buc\u0103t\u0103rie"}]},{"@type":"WebSite","@id":"https:\/\/grafen.com\/#website","url":"https:\/\/grafen.com\/","name":"GRAFEN - Profesjonalne wyposa\u017cenie restauracji","description":"Profesjonalne urz\u0105dzenia gastronomiczne","publisher":{"@id":"https:\/\/grafen.com\/#organization"},"potentialAction":[{"@type":"SearchAction","target":{"@type":"EntryPoint","urlTemplate":"https:\/\/grafen.com\/?s={search_term_string}"},"query-input":{"@type":"PropertyValueSpecification","valueRequired":true,"valueName":"search_term_string"}}],"inLanguage":"ro-RO"},{"@type":"Organization","@id":"https:\/\/grafen.com\/#organization","name":"GRAFEN - Profesjonalne wyposa\u017cenie restauracji","url":"https:\/\/grafen.com\/","logo":{"@type":"ImageObject","inLanguage":"ro-RO","@id":"https:\/\/grafen.com\/#\/schema\/logo\/image\/","url":"https:\/\/grafen.com\/wp-content\/uploads\/2023\/03\/grafen-sygnet.png","contentUrl":"https:\/\/grafen.com\/wp-content\/uploads\/2023\/03\/grafen-sygnet.png","width":66,"height":66,"caption":"GRAFEN - Profesjonalne wyposa\u017cenie restauracji"},"image":{"@id":"https:\/\/grafen.com\/#\/schema\/logo\/image\/"},"sameAs":["https:\/\/www.facebook.com\/grafenrestaurantequipment"]}]}},"_links":{"self":[{"href":"https:\/\/grafen.com\/ro\/wp-json\/wp\/v2\/pages\/6100","targetHints":{"allow":["GET"]}}],"collection":[{"href":"https:\/\/grafen.com\/ro\/wp-json\/wp\/v2\/pages"}],"about":[{"href":"https:\/\/grafen.com\/ro\/wp-json\/wp\/v2\/types\/page"}],"author":[{"embeddable":true,"href":"https:\/\/grafen.com\/ro\/wp-json\/wp\/v2\/users\/1"}],"replies":[{"embeddable":true,"href":"https:\/\/grafen.com\/ro\/wp-json\/wp\/v2\/comments?post=6100"}],"version-history":[{"count":18,"href":"https:\/\/grafen.com\/ro\/wp-json\/wp\/v2\/pages\/6100\/revisions"}],"predecessor-version":[{"id":9109,"href":"https:\/\/grafen.com\/ro\/wp-json\/wp\/v2\/pages\/6100\/revisions\/9109"}],"up":[{"embeddable":true,"href":"https:\/\/grafen.com\/ro\/wp-json\/wp\/v2\/pages\/6030"}],"wp:featuredmedia":[{"embeddable":true,"href":"https:\/\/grafen.com\/ro\/wp-json\/wp\/v2\/media\/5838"}],"wp:attachment":[{"href":"https:\/\/grafen.com\/ro\/wp-json\/wp\/v2\/media?parent=6100"}],"curies":[{"name":"wp","href":"https:\/\/api.w.org\/{rel}","templated":true}]}}