{"id":5995,"date":"2021-10-25T14:59:40","date_gmt":"2021-10-25T12:59:40","guid":{"rendered":"https:\/\/grafen.com\/chlodnictwo\/"},"modified":"2023-12-07T14:21:11","modified_gmt":"2023-12-07T13:21:11","slug":"refrigerare","status":"publish","type":"page","link":"https:\/\/grafen.com\/ro\/produse\/refrigerare\/","title":{"rendered":"Refrigerare"},"content":{"rendered":"\n    <section class=\"block-section-header section-bg-color-gray\">\n        <div class=\"wrapper\">\n                            <div class=\"logo\"><img decoding=\"async\" src=\"https:\/\/grafen.com\/wp-content\/uploads\/2021\/12\/CoolHead-logo.png\" alt=\"Logo sekcji\"><\/div>\n            \n            <div class=\"content\">\n                <div class=\"left\"><h2><p><strong>COOL HEAD<\/strong><\/p>\n<\/h2><\/div>\n                <div class=\"right\"><p>Produc\u0103tor italian de echipamente de refrigerare profesionale de \u00eenalt\u0103 calitate, func\u021bionale \u0219i durabile. De 10 ani creeaz\u0103 solu\u021bii profesionale de refrigerare dotate cu cea mai bun\u0103 tehnologie disponibil\u0103.<\/p>\n<\/div>\n            <\/div>\n        <\/div>\n    <\/section>\n\n\n\n\n<section class=\"where-to-use-tiles section-bg-color-white\">\n    <div class=\"wrapper\">\n                <div class=\"tiles-container\">\n                            <div class=\"single-tile\">\n                    <figure><img decoding=\"async\" src=\"https:\/\/grafen.com\/wp-content\/uploads\/2022\/10\/szafa-scaled-1-1024x1024.jpg\" alt=\"Dulapuri frigorifice \u0219i congelatoare\"><\/figure>\n                    <h3>Dulapuri frigorifice \u0219i congelatoare<\/h3>\n                <\/div>\n                            <div class=\"single-tile\">\n                    <figure><img decoding=\"async\" src=\"https:\/\/grafen.com\/wp-content\/uploads\/2022\/10\/QR-z-drzwiami-scaled-1-1024x1022.jpg\" alt=\"Mese frigorifice \u0219i de congelare\"><\/figure>\n                    <h3>Mese frigorifice \u0219i de congelare<\/h3>\n                <\/div>\n                            <div class=\"single-tile\">\n                    <figure><img decoding=\"async\" src=\"https:\/\/grafen.com\/wp-content\/uploads\/2022\/10\/CRQ-93A_Grafen2020-scaled-1-1024x1024.jpg\" alt=\"Mese refrigerate pentru salat\u0103\"><\/figure>\n                    <h3>Mese refrigerate pentru salat\u0103<\/h3>\n                <\/div>\n                            <div class=\"single-tile\">\n                    <figure><img decoding=\"async\" src=\"https:\/\/grafen.com\/wp-content\/uploads\/2022\/10\/do-pizzy-scaled-1-1014x1024.jpg\" alt=\"Mese pentru pizza\"><\/figure>\n                    <h3>Mese pentru pizza<\/h3>\n                <\/div>\n                    <\/div>\n\n                    <div class=\"button-wrapper\"><a href=\"https:\/\/catalogue.hendi.eu\/hendi-ro\/catalogue-2023\/grafen-20232024\/?page=684\" class=\"button\" target=\"_blank\"> Vezi catalogul<\/a><\/div>            <\/div>\n<\/section>\n\n\n\n\n<section class=\"block-checker section-bg-color-gray\">\n    <div class=\"wrapper\">\n        <div class=\"wrapper-narrow\">\n                            <div class=\"row\">\n                    <figure>\n                        <img decoding=\"async\" src=\"https:\/\/grafen.com\/wp-content\/uploads\/2022\/10\/MB-52_Grafen2020-scaled-1-1024x944.jpg\" alt=\"\">\n                    <\/figure>\n                    <div>\n                        <h2>Frigidere minibar<\/h2>\n<div class=\"button-wrapper\"><a href=\"https:\/\/catalogue.hendi.eu\/hendi-ro\/catalogue-2023\/grafen-20232024\/?page=706\" class=\"button\" target=\"_blank\"> Vezi catalogul<\/a><\/div>                    <\/div>\n                <\/div>\n                            <div class=\"row\">\n                    <figure>\n                        <img decoding=\"async\" src=\"https:\/\/grafen.com\/wp-content\/uploads\/2022\/10\/271070_Grafen2020-scaled-1-1024x1024.jpg\" alt=\"\">\n                    <\/figure>\n                    <div>\n                        <h2>Ma\u0219ini pentru cuburi de ghea\u021b\u0103<\/h2>\n<div class=\"button-wrapper\"><a href=\"https:\/\/catalogue.hendi.eu\/hendi-ro\/catalogue-2023\/grafen-20232024\/?page=708\" class=\"button\" target=\"_blank\"> Vezi catalogul<\/a><\/div>                    <\/div>\n                <\/div>\n                    <\/div>\n    <\/div>\n<\/section>\n\n\n\n\n    <section class=\"block-section-header section-bg-color-white\">\n        <div class=\"wrapper\">\n                            <div class=\"logo\"><img decoding=\"async\" src=\"https:\/\/grafen.com\/wp-content\/uploads\/2021\/12\/grafen-logo.svg\" alt=\"Logo sekcji\"><\/div>\n            \n            <div class=\"content\">\n                <div class=\"left\"><h2><p>R\u0103citoare\/ congelatoare cu aer comprimat<\/p>\n<\/h2><\/div>\n                <div class=\"right\"><p>BENEFICIILE R\u0102CIRII \u0218I CONGEL\u0102RII RAPIDE A ALIMENTELOR<\/p>\n<ul>\n<li><strong>Pierdere minim\u0103 a umidit\u0103\u021bii alimentelor<\/strong><\/li>\n<li><strong>Meniu mai bogat pentru consumator <\/strong><\/li>\n<li><strong>Economii de timp de p\u00e2n\u0103 la 30% \u0219i o mai bun\u0103 organizare a buc\u0103t\u0103riei<\/strong><\/li>\n<li><strong>Reducerea de\u0219eurilor<\/strong><\/li>\n<li><strong>Pierdere \u00een greutate mai mic\u0103 a preparatului<\/strong><\/li>\n<li><strong>Costuri de achizi\u021bie reduse<\/strong><\/li>\n<\/ul>\n<\/div>\n            <\/div>\n        <\/div>\n    <\/section>\n\n\n\n\n<section class=\"block-checker section-bg-color-white\">\n    <div class=\"wrapper\">\n        <div class=\"wrapper-narrow\">\n                            <div class=\"row\">\n                    <figure>\n                        <img decoding=\"async\" src=\"https:\/\/grafen.com\/wp-content\/uploads\/2021\/12\/szokowka-1024x1024.png\" alt=\"\">\n                    <\/figure>\n                    <div>\n                        <div class=\"button-wrapper\"><a href=\"https:\/\/catalogue.hendi.eu\/hendi-ro\/catalogue-2023\/grafen-20232024\/?page=704\" class=\"button\" target=\"_blank\"> Vezi catalogul<\/a><\/div>                    <\/div>\n                <\/div>\n                    <\/div>\n    <\/div>\n<\/section>\n\n\n\n<div class=\"embedded-contact-form wrapper\">\n    <div class=\"form-container\">\n        <h2>Dori\u021bi s\u0103 afla\u021bi mai multe despre ceea ce v\u0103 oferim? Sunte\u021bi \u00een c\u0103utarea celei mai bune solu\u021bii pentru afacerea dumneavoastr\u0103?<\/h2>\n        <p>Contacta\u021bi-ne, iar noi venim cu solu\u021bii pentru buc\u0103t\u0103ria dvs.<\/p>\n                <div class=\"forminator-ui forminator-custom-form forminator-custom-form-7429 forminator-design--default  forminator_ajax\" data-forminator-render=\"0\" data-form=\"forminator-module-7429\" data-uid=\"69e4c90ca6bfb\"><br\/><\/div><form\n\t\t\t\tid=\"forminator-module-7429\"\n\t\t\t\tclass=\"forminator-ui forminator-custom-form forminator-custom-form-7429 forminator-design--default  forminator_ajax\"\n\t\t\t\tmethod=\"post\"\n\t\t\t\tdata-forminator-render=\"0\"\n\t\t\t\tdata-form-id=\"7429\"\n\t\t\t\t data-color-option=\"default\" data-design=\"default\" data-grid=\"open\" style=\"display: none;\"\n\t\t\t\tdata-uid=\"69e4c90ca6bfb\"\n\t\t\t><div role=\"alert\" aria-live=\"polite\" class=\"forminator-response-message forminator-error\" aria-hidden=\"true\"><\/div><div class=\"forminator-row\"><div id=\"name-1\" class=\"forminator-field-name forminator-col forminator-col-12  hide-label\"><div class=\"forminator-field\"><label for=\"forminator-field-name-1_69e4c90ca6bfb\" id=\"forminator-field-name-1_69e4c90ca6bfb-label\" class=\"forminator-label\">Name<\/label><input type=\"text\" name=\"name-1\" value=\"\" placeholder=\"Numele dumneavoastr\u0103\" id=\"forminator-field-name-1_69e4c90ca6bfb\" class=\"forminator-input forminator-name--field\" aria-required=\"false\" autocomplete=\"name\" \/><\/div><\/div><\/div><div class=\"forminator-row\"><div id=\"email-1\" class=\"forminator-field-email forminator-col forminator-col-12 \"><div class=\"forminator-field\"><input type=\"email\" name=\"email-1\" value=\"\" placeholder=\"Adresa de email\" id=\"forminator-field-email-1_69e4c90ca6bfb\" class=\"forminator-input forminator-email--field\" data-required=\"1\" aria-required=\"true\" autocomplete=\"email\" \/><\/div><\/div><\/div><div class=\"forminator-row\"><div id=\"select-1\" class=\"forminator-field-select forminator-col forminator-col-12 \"><div class=\"forminator-field\"><select  id=\"forminator-form-7429__field--select-1_69e4c90ca6bfb\" class=\"forminator-select--field forminator-select2 forminator-select2-multiple\" data-required=\"1\" name=\"select-1\" data-default-value=\"\" data-placeholder=\"Alege un subiect\" data-search=\"false\" data-search-placeholder=\"Alege un subiect\" data-checkbox=\"false\" data-allow-clear=\"false\" aria-labelledby=\"forminator-form-7429__field--select-1_69e4c90ca6bfb-label\"><option value=\"\"  >Alege un subiect<\/option><option value=\"Oferta-handlowa\"  data-calculation=\"0\">Ofert\u0103 comercial\u0103<\/option><option value=\"Szkolenia\"  data-calculation=\"0\">Instruire<\/option><option value=\"Projekt-technologii\"  data-calculation=\"0\">Proiect tehnologic<\/option><option value=\"Serwis---gwarancja\"  data-calculation=\"0\">Service\/Garantie<\/option><option value=\"Inne\"  data-calculation=\"0\">Alte<\/option><\/select><\/div><\/div><\/div><div class=\"forminator-row\"><div id=\"textarea-1\" class=\"forminator-field-textarea forminator-col forminator-col-12  hide-label\"><div class=\"forminator-field\"><label for=\"forminator-field-textarea-1_69e4c90ca6bfb\" id=\"forminator-field-textarea-1_69e4c90ca6bfb-label\" class=\"forminator-label\">Wiadomo\u015b\u0107<\/label><textarea name=\"textarea-1\" placeholder=\"Mesaj\" id=\"forminator-field-textarea-1_69e4c90ca6bfb\" class=\"forminator-textarea\" rows=\"6\" style=\"min-height:140px;\" ><\/textarea><\/div><\/div><\/div><div class=\"forminator-row\" style=\"margin: 0;\"><div id=\"captcha-1\" class=\"forminator-field-captcha  forminator-col-12 \"><div class=\"forminator-captcha-left forminator-g-recaptcha recaptcha-invisible\" data-theme=\"light\" data-badge=\"bottomright\" data-sitekey=\"6LcIvh4eAAAAAJ6Ad45hMhSSPwG2-tOLGAo8tpc0\" data-size=\"invisible\"><\/div> <\/div><\/div><input type=\"hidden\" name=\"referer_url\" value=\"\" \/><div class=\"forminator-row forminator-row-last\"><div class=\"forminator-col\"><div class=\"forminator-field\"><button class=\"forminator-button forminator-button-submit\">Trimite<\/button><\/div><\/div><\/div><input type=\"hidden\" id=\"forminator_nonce\" name=\"forminator_nonce\" value=\"7af58f3547\" \/><input type=\"hidden\" name=\"_wp_http_referer\" value=\"\/ro\/wp-json\/wp\/v2\/pages\/5995\" \/><input type=\"hidden\" name=\"form_id\" value=\"7429\"><input type=\"hidden\" name=\"page_id\" value=\"5995\"><input type=\"hidden\" name=\"form_type\" value=\"default\"><input type=\"hidden\" name=\"current_url\" value=\"https:\/\/grafen.com\/ro\/produse\/refrigerare\/\"><input type=\"hidden\" name=\"render_id\" value=\"0\"><input type=\"hidden\" name=\"action\" value=\"forminator_submit_form_custom-forms\"><\/form>            <\/div>\n\n    <figure>\n        <img decoding=\"async\" src=\"\" alt=\"Kontakt\">\n    <\/figure>\n<\/div>","protected":false},"excerpt":{"rendered":"","protected":false},"author":1,"featured_media":5996,"parent":6030,"menu_order":8,"comment_status":"closed","ping_status":"closed","template":"page-templates\/products.php","meta":{"_acf_changed":false,"inline_featured_image":false,"footnotes":""},"class_list":["post-5995","page","type-page","status-publish","has-post-thumbnail","hentry"],"acf":[],"yoast_head":"<!-- This site is optimized with the Yoast SEO plugin v27.4 - https:\/\/yoast.com\/product\/yoast-seo-wordpress\/ -->\n<title>Refrigerare - GRAFEN - Profesjonalne wyposa\u017cenie restauracji<\/title>\n<meta name=\"robots\" content=\"index, follow, max-snippet:-1, max-image-preview:large, max-video-preview:-1\" \/>\n<link rel=\"canonical\" href=\"https:\/\/grafen.com\/ro\/produse\/refrigerare\/\" \/>\n<meta property=\"og:locale\" content=\"ro_RO\" \/>\n<meta property=\"og:type\" content=\"article\" \/>\n<meta property=\"og:title\" content=\"Refrigerare - GRAFEN - Profesjonalne wyposa\u017cenie restauracji\" \/>\n<meta property=\"og:url\" content=\"https:\/\/grafen.com\/ro\/produse\/refrigerare\/\" \/>\n<meta property=\"og:site_name\" content=\"GRAFEN - Profesjonalne wyposa\u017cenie restauracji\" \/>\n<meta property=\"article:publisher\" content=\"https:\/\/www.facebook.com\/grafenrestaurantequipment\" \/>\n<meta property=\"article:modified_time\" content=\"2023-12-07T13:21:11+00:00\" \/>\n<meta property=\"og:image\" content=\"https:\/\/grafen.com\/wp-content\/uploads\/2022\/01\/strona-glowna-Grafen.png\" \/>\n\t<meta property=\"og:image:width\" content=\"1537\" \/>\n\t<meta property=\"og:image:height\" content=\"837\" \/>\n\t<meta property=\"og:image:type\" content=\"image\/png\" \/>\n<meta name=\"twitter:card\" content=\"summary_large_image\" \/>\n<script type=\"application\/ld+json\" class=\"yoast-schema-graph\">{\"@context\":\"https:\\\/\\\/schema.org\",\"@graph\":[{\"@type\":\"WebPage\",\"@id\":\"https:\\\/\\\/grafen.com\\\/ro\\\/produse\\\/refrigerare\\\/\",\"url\":\"https:\\\/\\\/grafen.com\\\/ro\\\/produse\\\/refrigerare\\\/\",\"name\":\"Refrigerare - GRAFEN - Profesjonalne wyposa\u017cenie restauracji\",\"isPartOf\":{\"@id\":\"https:\\\/\\\/grafen.com\\\/#website\"},\"primaryImageOfPage\":{\"@id\":\"https:\\\/\\\/grafen.com\\\/ro\\\/produse\\\/refrigerare\\\/#primaryimage\"},\"image\":{\"@id\":\"https:\\\/\\\/grafen.com\\\/ro\\\/produse\\\/refrigerare\\\/#primaryimage\"},\"thumbnailUrl\":\"https:\\\/\\\/grafen.com\\\/wp-content\\\/uploads\\\/2021\\\/10\\\/product-card-chlodnictwo.svg\",\"datePublished\":\"2021-10-25T12:59:40+00:00\",\"dateModified\":\"2023-12-07T13:21:11+00:00\",\"breadcrumb\":{\"@id\":\"https:\\\/\\\/grafen.com\\\/ro\\\/produse\\\/refrigerare\\\/#breadcrumb\"},\"inLanguage\":\"ro-RO\",\"potentialAction\":[{\"@type\":\"ReadAction\",\"target\":[\"https:\\\/\\\/grafen.com\\\/ro\\\/produse\\\/refrigerare\\\/\"]}]},{\"@type\":\"ImageObject\",\"inLanguage\":\"ro-RO\",\"@id\":\"https:\\\/\\\/grafen.com\\\/ro\\\/produse\\\/refrigerare\\\/#primaryimage\",\"url\":\"https:\\\/\\\/grafen.com\\\/wp-content\\\/uploads\\\/2021\\\/10\\\/product-card-chlodnictwo.svg\",\"contentUrl\":\"https:\\\/\\\/grafen.com\\\/wp-content\\\/uploads\\\/2021\\\/10\\\/product-card-chlodnictwo.svg\",\"width\":28,\"height\":44},{\"@type\":\"BreadcrumbList\",\"@id\":\"https:\\\/\\\/grafen.com\\\/ro\\\/produse\\\/refrigerare\\\/#breadcrumb\",\"itemListElement\":[{\"@type\":\"ListItem\",\"position\":1,\"name\":\"Strona g\u0142\u00f3wna\",\"item\":\"https:\\\/\\\/grafen.com\\\/ro\\\/\"},{\"@type\":\"ListItem\",\"position\":2,\"name\":\"Produse\",\"item\":\"https:\\\/\\\/grafen.com\\\/ro\\\/produse\\\/\"},{\"@type\":\"ListItem\",\"position\":3,\"name\":\"Refrigerare\"}]},{\"@type\":\"WebSite\",\"@id\":\"https:\\\/\\\/grafen.com\\\/#website\",\"url\":\"https:\\\/\\\/grafen.com\\\/\",\"name\":\"GRAFEN - Profesjonalne wyposa\u017cenie restauracji\",\"description\":\"Profesjonalne urz\u0105dzenia gastronomiczne\",\"publisher\":{\"@id\":\"https:\\\/\\\/grafen.com\\\/#organization\"},\"potentialAction\":[{\"@type\":\"SearchAction\",\"target\":{\"@type\":\"EntryPoint\",\"urlTemplate\":\"https:\\\/\\\/grafen.com\\\/?s={search_term_string}\"},\"query-input\":{\"@type\":\"PropertyValueSpecification\",\"valueRequired\":true,\"valueName\":\"search_term_string\"}}],\"inLanguage\":\"ro-RO\"},{\"@type\":\"Organization\",\"@id\":\"https:\\\/\\\/grafen.com\\\/#organization\",\"name\":\"GRAFEN - Profesjonalne wyposa\u017cenie restauracji\",\"url\":\"https:\\\/\\\/grafen.com\\\/\",\"logo\":{\"@type\":\"ImageObject\",\"inLanguage\":\"ro-RO\",\"@id\":\"https:\\\/\\\/grafen.com\\\/#\\\/schema\\\/logo\\\/image\\\/\",\"url\":\"https:\\\/\\\/grafen.com\\\/wp-content\\\/uploads\\\/2023\\\/03\\\/grafen-sygnet.png\",\"contentUrl\":\"https:\\\/\\\/grafen.com\\\/wp-content\\\/uploads\\\/2023\\\/03\\\/grafen-sygnet.png\",\"width\":66,\"height\":66,\"caption\":\"GRAFEN - Profesjonalne wyposa\u017cenie restauracji\"},\"image\":{\"@id\":\"https:\\\/\\\/grafen.com\\\/#\\\/schema\\\/logo\\\/image\\\/\"},\"sameAs\":[\"https:\\\/\\\/www.facebook.com\\\/grafenrestaurantequipment\"]}]}<\/script>\n<!-- \/ Yoast SEO plugin. -->","yoast_head_json":{"title":"Refrigerare - GRAFEN - Profesjonalne wyposa\u017cenie restauracji","robots":{"index":"index","follow":"follow","max-snippet":"max-snippet:-1","max-image-preview":"max-image-preview:large","max-video-preview":"max-video-preview:-1"},"canonical":"https:\/\/grafen.com\/ro\/produse\/refrigerare\/","og_locale":"ro_RO","og_type":"article","og_title":"Refrigerare - GRAFEN - Profesjonalne wyposa\u017cenie restauracji","og_url":"https:\/\/grafen.com\/ro\/produse\/refrigerare\/","og_site_name":"GRAFEN - Profesjonalne wyposa\u017cenie restauracji","article_publisher":"https:\/\/www.facebook.com\/grafenrestaurantequipment","article_modified_time":"2023-12-07T13:21:11+00:00","og_image":[{"width":1537,"height":837,"url":"https:\/\/grafen.com\/wp-content\/uploads\/2022\/01\/strona-glowna-Grafen.png","type":"image\/png"}],"twitter_card":"summary_large_image","schema":{"@context":"https:\/\/schema.org","@graph":[{"@type":"WebPage","@id":"https:\/\/grafen.com\/ro\/produse\/refrigerare\/","url":"https:\/\/grafen.com\/ro\/produse\/refrigerare\/","name":"Refrigerare - GRAFEN - Profesjonalne wyposa\u017cenie restauracji","isPartOf":{"@id":"https:\/\/grafen.com\/#website"},"primaryImageOfPage":{"@id":"https:\/\/grafen.com\/ro\/produse\/refrigerare\/#primaryimage"},"image":{"@id":"https:\/\/grafen.com\/ro\/produse\/refrigerare\/#primaryimage"},"thumbnailUrl":"https:\/\/grafen.com\/wp-content\/uploads\/2021\/10\/product-card-chlodnictwo.svg","datePublished":"2021-10-25T12:59:40+00:00","dateModified":"2023-12-07T13:21:11+00:00","breadcrumb":{"@id":"https:\/\/grafen.com\/ro\/produse\/refrigerare\/#breadcrumb"},"inLanguage":"ro-RO","potentialAction":[{"@type":"ReadAction","target":["https:\/\/grafen.com\/ro\/produse\/refrigerare\/"]}]},{"@type":"ImageObject","inLanguage":"ro-RO","@id":"https:\/\/grafen.com\/ro\/produse\/refrigerare\/#primaryimage","url":"https:\/\/grafen.com\/wp-content\/uploads\/2021\/10\/product-card-chlodnictwo.svg","contentUrl":"https:\/\/grafen.com\/wp-content\/uploads\/2021\/10\/product-card-chlodnictwo.svg","width":28,"height":44},{"@type":"BreadcrumbList","@id":"https:\/\/grafen.com\/ro\/produse\/refrigerare\/#breadcrumb","itemListElement":[{"@type":"ListItem","position":1,"name":"Strona g\u0142\u00f3wna","item":"https:\/\/grafen.com\/ro\/"},{"@type":"ListItem","position":2,"name":"Produse","item":"https:\/\/grafen.com\/ro\/produse\/"},{"@type":"ListItem","position":3,"name":"Refrigerare"}]},{"@type":"WebSite","@id":"https:\/\/grafen.com\/#website","url":"https:\/\/grafen.com\/","name":"GRAFEN - Profesjonalne wyposa\u017cenie restauracji","description":"Profesjonalne urz\u0105dzenia gastronomiczne","publisher":{"@id":"https:\/\/grafen.com\/#organization"},"potentialAction":[{"@type":"SearchAction","target":{"@type":"EntryPoint","urlTemplate":"https:\/\/grafen.com\/?s={search_term_string}"},"query-input":{"@type":"PropertyValueSpecification","valueRequired":true,"valueName":"search_term_string"}}],"inLanguage":"ro-RO"},{"@type":"Organization","@id":"https:\/\/grafen.com\/#organization","name":"GRAFEN - Profesjonalne wyposa\u017cenie restauracji","url":"https:\/\/grafen.com\/","logo":{"@type":"ImageObject","inLanguage":"ro-RO","@id":"https:\/\/grafen.com\/#\/schema\/logo\/image\/","url":"https:\/\/grafen.com\/wp-content\/uploads\/2023\/03\/grafen-sygnet.png","contentUrl":"https:\/\/grafen.com\/wp-content\/uploads\/2023\/03\/grafen-sygnet.png","width":66,"height":66,"caption":"GRAFEN - Profesjonalne wyposa\u017cenie restauracji"},"image":{"@id":"https:\/\/grafen.com\/#\/schema\/logo\/image\/"},"sameAs":["https:\/\/www.facebook.com\/grafenrestaurantequipment"]}]}},"_links":{"self":[{"href":"https:\/\/grafen.com\/ro\/wp-json\/wp\/v2\/pages\/5995","targetHints":{"allow":["GET"]}}],"collection":[{"href":"https:\/\/grafen.com\/ro\/wp-json\/wp\/v2\/pages"}],"about":[{"href":"https:\/\/grafen.com\/ro\/wp-json\/wp\/v2\/types\/page"}],"author":[{"embeddable":true,"href":"https:\/\/grafen.com\/ro\/wp-json\/wp\/v2\/users\/1"}],"replies":[{"embeddable":true,"href":"https:\/\/grafen.com\/ro\/wp-json\/wp\/v2\/comments?post=5995"}],"version-history":[{"count":15,"href":"https:\/\/grafen.com\/ro\/wp-json\/wp\/v2\/pages\/5995\/revisions"}],"predecessor-version":[{"id":9058,"href":"https:\/\/grafen.com\/ro\/wp-json\/wp\/v2\/pages\/5995\/revisions\/9058"}],"up":[{"embeddable":true,"href":"https:\/\/grafen.com\/ro\/wp-json\/wp\/v2\/pages\/6030"}],"wp:featuredmedia":[{"embeddable":true,"href":"https:\/\/grafen.com\/ro\/wp-json\/wp\/v2\/media\/5996"}],"wp:attachment":[{"href":"https:\/\/grafen.com\/ro\/wp-json\/wp\/v2\/media?parent=5995"}],"curies":[{"name":"wp","href":"https:\/\/api.w.org\/{rel}","templated":true}]}}