{"id":5927,"date":"2021-10-25T15:00:52","date_gmt":"2021-10-25T13:00:52","guid":{"rendered":"https:\/\/grafen.com\/szafy-do-sezonowania-miesa\/"},"modified":"2023-12-07T14:58:50","modified_gmt":"2023-12-07T13:58:50","slug":"dulapuri-pentru-asezonarea-carnii","status":"publish","type":"page","link":"https:\/\/grafen.com\/ro\/produse\/dulapuri-pentru-asezonarea-carnii\/","title":{"rendered":"Dulapuri pentru maturarea c\u0103rnii"},"content":{"rendered":"\n    <section class=\"block-section-header section-bg-color-white\">\n        <div class=\"wrapper\">\n            \n            <div class=\"content\">\n                <div class=\"left\"><h2><p><strong>Dulapuri pentru maturarea c\u0103rnii Meatico<\/strong><\/p>\n<\/h2><\/div>\n                <div class=\"right\"><p><strong>Gama de dulapuri Meatico<\/strong> este rezultatul anilor de munc\u0103 \u0219i experien\u021b\u0103 a exper\u021bilor, tehnicienilor \u0219i buc\u0103tarilor \u00een domeniul r\u0103cirii \u0219i conserv\u0103rii profesionale a c\u0103rnii. Acestea sunt echipamente concepute pentru a realiza \u00eentregul proces de maturare a c\u0103rnii, care este apoi ideal\u0103 pentru fripturi la gr\u0103tar de cea mai buna calitate.<\/p>\n<\/div>\n            <\/div>\n        <\/div>\n    <\/section>\n\n\n\n\n<section class=\"where-to-use-tiles section-bg-color-gray\">\n    <div class=\"wrapper\">\n                <div class=\"tiles-container\">\n                            <div class=\"single-tile\">\n                    <figure><img decoding=\"async\" src=\"https:\/\/grafen.com\/wp-content\/uploads\/2022\/10\/700-ALL-IN-ONE-VIP-scaled-1-684x1024.jpg\" alt=\"\"><\/figure>\n                    <h3><\/h3>\n                <\/div>\n                            <div class=\"single-tile\">\n                    <figure><img decoding=\"async\" src=\"https:\/\/grafen.com\/wp-content\/uploads\/2022\/10\/MEAT-DETAIL-scaled-1-1024x684.jpg\" alt=\"\"><\/figure>\n                    <h3><\/h3>\n                <\/div>\n                            <div class=\"single-tile\">\n                    <figure><img decoding=\"async\" src=\"https:\/\/grafen.com\/wp-content\/uploads\/2021\/12\/Cold-cuts-equipment-683x1024.jpg\" alt=\"\"><\/figure>\n                    <h3><\/h3>\n                <\/div>\n                    <\/div>\n\n                    <div class=\"button-wrapper\"><a href=\"https:\/\/catalogue.hendi.eu\/hendi-ro\/catalogue-2023\/grafen-20232024\/?page=718\" class=\"button\" target=\"_blank\"> Vezi catalogul<\/a><\/div>            <\/div>\n<\/section>\n\n\n\n\n<section class=\"block-checker section-bg-color-white\">\n    <div class=\"wrapper\">\n        <div class=\"wrapper-narrow\">\n                            <div class=\"row\">\n                    <figure>\n                        <img decoding=\"async\" src=\"https:\/\/grafen.com\/wp-content\/uploads\/2022\/10\/IMG3956-scaled-1-1024x707.jpg\" alt=\"\">\n                    <\/figure>\n                    <div>\n                        <h2><strong>De ce este o idee bun\u0103 s\u0103 introduce\u021bi \u00een meniul dvs. peparate din carne maturat\u0103? <\/strong><\/h2>\n<p>&nbsp;<\/p>\n<ul>\n<li>Ve\u021bi eleva meniul restaurantului dvs.<\/li>\n<li>Ve\u021bi oferi clien\u021bilor dvs. preparate din carne de calitate.<\/li>\n<li>Pute\u021bi dezvolta un nou concept pentru restaurant, care de acum \u00eenainte va fi asociat cu preparate\u00a0 de calitate. Un produs bun atrage dup\u0103 sine un altul, astfel \u00eenc\u00e2t, servind o friptur\u0103 mai bun\u0103, ve\u021bi putea introduce \u00een meniu \u0219i vinuri, br\u00e2nzeturi \u0219i alte produse de calitate.<\/li>\n<li>Ob\u021bine\u021bi noi clien\u021bi fideli<\/li>\n<\/ul>\n                    <\/div>\n                <\/div>\n                            <div class=\"row\">\n                    <figure>\n                        <img decoding=\"async\" src=\"https:\/\/grafen.com\/wp-content\/uploads\/2022\/10\/991728-Meatico-2021-scaled-1-506x1024.jpg\" alt=\"\">\n                    <\/figure>\n                    <div>\n                        <h2><strong>Unde pot fi folosite dulapurile Meatico pentru maturarea c\u0103rnii?<\/strong><\/h2>\n<ul>\n<li>Restaurante \/ Steakhouse<\/li>\n<li>M\u0103celarii<\/li>\n<li>Supermarketuri \u0219i magazine cu specialit\u0103\u021bi<\/li>\n<\/ul>\n                    <\/div>\n                <\/div>\n                            <div class=\"row\">\n                    <figure>\n                        <img decoding=\"async\" src=\"https:\/\/grafen.com\/wp-content\/uploads\/2022\/10\/991739-Meatico-2021-scaled-1-803x1024.jpg\" alt=\"\">\n                    <\/figure>\n                    <div>\n                        <h2><strong>Raspunz\u00e2nd nevoilor clien\u021bilor no\u0219tri, am introdus vitrine de maturare \u00een oferta noastr\u0103<\/strong><\/h2>\n<ul>\n<li>1 u\u0219\u0103 \u0219i 2 u\u0219i<\/li>\n<li>Cu u\u0219i pline sau cu geam<\/li>\n<li>Geam pe una din p\u0103rti, sau ambele, pentru o mai bun\u0103 vizibilitate<\/li>\n<\/ul>\n                    <\/div>\n                <\/div>\n                            <div class=\"row\">\n                    <figure>\n                        <img decoding=\"async\" src=\"https:\/\/grafen.com\/wp-content\/uploads\/2022\/10\/MEATICO-APP-scaled-1-704x1024.jpg\" alt=\"\">\n                    <\/figure>\n                    <div>\n                        <h2><strong>Conexiune prin WiFi<\/strong><\/h2>\n<p>&nbsp;<\/p>\n<p>Datorit\u0103 conexiunii prin WiFi, controlul set\u0103rilor este posibil de la distan\u021b\u0103, din orice loc. Progresul procesului, setarea alarmelor \u0219i meniul de set\u0103ri pot fi accesate de pe o tablet\u0103, un smartphone sau un computer.<\/p>\n                    <\/div>\n                <\/div>\n                    <\/div>\n    <\/div>\n<\/section>\n\n\n\n\n    <section class=\"block-section-header section-bg-color-gray\">\n        <div class=\"wrapper\">\n            \n            <div class=\"content\">\n                <div class=\"left\"><h2><p><strong>Despre maturarea c\u0103rnii<\/strong><\/p>\n<\/h2><\/div>\n                <div class=\"right\"><p>Imediat dupa sacrificare, carnea rosie, \u00een special, nu este potrivit\u0103 pentru prelucrarea termic\u0103. Condimentele sunt cele care dau na\u0219tere unui produs superior. Atunci c\u00e2nd este condimentat\u0103 corespunz\u0103tor, carnea devine suculent\u0103, fraged\u0103 \u0219i bogat\u0103 \u00een arom\u0103, iar gr\u0103simea con\u021binut\u0103 de carne devine moale ca untul. Culoarea neagr\u0103 care apare la suprafa\u021b\u0103 este perfect normal\u0103 &#8211; reprezint\u0103 procesul de oxidare al c\u0103rnii.<\/p>\n<\/div>\n            <\/div>\n        <\/div>\n    <\/section>\n\n\n\n\n    <section class=\"block-accordion js-toggle-active section-bg-color-gray\">\n        <div class=\"wrapper\">\n            <div class=\"block-accordion-subjects-container\">\n                \n                <div class=\"block-accordion-subjects-list\">\n                                            <a href=\"#0\" class=\"click-element active\">01<span class=\"sep\"><\/span>Timpul<\/a>\n                                            <a href=\"#0\" class=\"click-element \">02<span class=\"sep\"><\/span>Temperatura<\/a>\n                                            <a href=\"#0\" class=\"click-element \">03<span class=\"sep\"><\/span>Umiditatea aerului<\/a>\n                                            <a href=\"#0\" class=\"click-element \">04<span class=\"sep\"><\/span>Circularea aerului<\/a>\n                                    <\/div>\n            <\/div>\n\n            <div class=\"block-accordion-contents\">\n                                    <div class=\"target-element content-container active\"><p>\u00cen medie, \u00eentre 14 \u0219i 35 de zile. Aceasta este cea mai bun\u0103 perioad\u0103 pentru maturare. Bine\u00een\u021beles, carnea poate fi p\u0103strat\u0103 la maturat \u0219i mai mult timp, dar diferen\u021bele sunt minime.<\/p>\n<\/div>\n                                    <div class=\"target-element content-container \"><p>Temperatura optim\u0103 este \u00eentre 0\u00b0C \u0219i 4\u00b0C. La peste 4\u00b0C, bacteriile se dezvolt\u0103 rapid, provoc\u00e2nd putrezirea c\u0103rnii.<\/p>\n<p>O temperatur\u0103 negativ\u0103 inactiveaz\u0103 enzimele prezente \u00een carne.<\/p>\n<\/div>\n                                    <div class=\"target-element content-container \"><p>Cea mai bun\u0103 umiditate este \u00eentre 70% \u0219i 80% (\u00b110%). Umiditatea ridicat\u0103 va provoca apari\u021bia mucegaiului, \u00een timp ce cea prea sc\u0103zut\u0103 va usca carnea. Dulapurile Meatico, cu control al umidit\u0103\u021bii, \u021bin cont \u0219i de umiditatea c\u0103rnii. Set\u00e2nd umiditatea la 75%, de exemplu, putem fi siguri c\u0103 aceasta va fi umiditatea din camera de maturare, indiferent de cantitatea, m\u0103rimea \u0219i tipul de carne.<\/p>\n<\/div>\n                                    <div class=\"target-element content-container \"><p>Garanteaz\u0103 o temperatur\u0103 \u0219i o umiditate uniform\u0103 \u00een camera de maturare. Un senzor de temperatur\u0103 specializat monitorizeaz\u0103 continuu nivelul.<\/p>\n<p>Poli\u021bele de maturare \u0219i c\u00e2rligele pentru carne op\u021bionale, permit o circulare optim\u0103 a aerului \u00een dulapul de maturare.<\/p>\n<\/div>\n                            <\/div>\n        <\/div>\n    <\/section>\n\n\n\n<div class=\"embedded-contact-form wrapper\">\n    <div class=\"form-container\">\n        <h2>Dori\u021bi s\u0103 afla\u021bi mai multe despre ceea ce v\u0103 oferim? Sunte\u021bi \u00een c\u0103utarea celei mai bune solu\u021bii pentru afacerea dumneavoastr\u0103?<\/h2>\n        <p>Contacta\u021bi-ne, iar noi venim cu solu\u021bii pentru buc\u0103t\u0103ria dvs.<\/p>\n                <div class=\"forminator-ui forminator-custom-form forminator-custom-form-7429 forminator-design--default  forminator_ajax\" data-forminator-render=\"0\" data-form=\"forminator-module-7429\" data-uid=\"6a04d1a0912d3\"><br\/><\/div><form\n\t\t\t\tid=\"forminator-module-7429\"\n\t\t\t\tclass=\"forminator-ui forminator-custom-form forminator-custom-form-7429 forminator-design--default  forminator_ajax\"\n\t\t\t\tmethod=\"post\"\n\t\t\t\tdata-forminator-render=\"0\"\n\t\t\t\tdata-form-id=\"7429\"\n\t\t\t\t data-color-option=\"default\" data-design=\"default\" data-grid=\"open\" style=\"display: none;\"\n\t\t\t\tdata-uid=\"6a04d1a0912d3\"\n\t\t\t><div role=\"alert\" aria-live=\"polite\" class=\"forminator-response-message forminator-error\" aria-hidden=\"true\"><\/div><div class=\"forminator-row\"><div id=\"name-1\" class=\"forminator-field-name forminator-col forminator-col-12  hide-label\"><div class=\"forminator-field\"><label for=\"forminator-field-name-1_6a04d1a0912d3\" id=\"forminator-field-name-1_6a04d1a0912d3-label\" class=\"forminator-label\">Name<\/label><input type=\"text\" name=\"name-1\" value=\"\" placeholder=\"Numele dumneavoastr\u0103\" id=\"forminator-field-name-1_6a04d1a0912d3\" class=\"forminator-input forminator-name--field\" aria-required=\"false\" autocomplete=\"name\" \/><\/div><\/div><\/div><div class=\"forminator-row\"><div id=\"email-1\" class=\"forminator-field-email forminator-col forminator-col-12 \"><div class=\"forminator-field\"><input type=\"email\" name=\"email-1\" value=\"\" placeholder=\"Adresa de email\" id=\"forminator-field-email-1_6a04d1a0912d3\" class=\"forminator-input forminator-email--field\" data-required=\"1\" aria-required=\"true\" autocomplete=\"email\" \/><\/div><\/div><\/div><div class=\"forminator-row\"><div id=\"select-1\" class=\"forminator-field-select forminator-col forminator-col-12 \"><div class=\"forminator-field\"><select  id=\"forminator-form-7429__field--select-1_6a04d1a0912d3\" class=\"forminator-select--field forminator-select2 forminator-select2-multiple\" data-required=\"1\" name=\"select-1\" data-default-value=\"\" data-placeholder=\"Alege un subiect\" data-search=\"false\" data-search-placeholder=\"Alege un subiect\" data-checkbox=\"false\" data-allow-clear=\"false\" aria-labelledby=\"forminator-form-7429__field--select-1_6a04d1a0912d3-label\"><option value=\"\"  >Alege un subiect<\/option><option value=\"Oferta-handlowa\"  data-calculation=\"0\">Ofert\u0103 comercial\u0103<\/option><option value=\"Szkolenia\"  data-calculation=\"0\">Instruire<\/option><option value=\"Projekt-technologii\"  data-calculation=\"0\">Proiect tehnologic<\/option><option value=\"Serwis---gwarancja\"  data-calculation=\"0\">Service\/Garantie<\/option><option value=\"Inne\"  data-calculation=\"0\">Alte<\/option><\/select><\/div><\/div><\/div><div class=\"forminator-row\"><div id=\"textarea-1\" class=\"forminator-field-textarea forminator-col forminator-col-12  hide-label\"><div class=\"forminator-field\"><label for=\"forminator-field-textarea-1_6a04d1a0912d3\" id=\"forminator-field-textarea-1_6a04d1a0912d3-label\" class=\"forminator-label\">Wiadomo\u015b\u0107<\/label><textarea name=\"textarea-1\" placeholder=\"Mesaj\" id=\"forminator-field-textarea-1_6a04d1a0912d3\" class=\"forminator-textarea\" rows=\"6\" style=\"--forminator-textarea-min-height:140px;\" ><\/textarea><\/div><\/div><\/div><div class=\"forminator-row\" style=\"margin: 0;\"><div id=\"captcha-1\" class=\"forminator-field-captcha  forminator-col-12 \"><div class=\"forminator-captcha-left forminator-g-recaptcha recaptcha-invisible\" data-theme=\"light\" data-badge=\"bottomright\" data-sitekey=\"6LcIvh4eAAAAAJ6Ad45hMhSSPwG2-tOLGAo8tpc0\" data-size=\"invisible\"><\/div> <\/div><\/div><input type=\"hidden\" name=\"referer_url\" value=\"\" \/><div class=\"forminator-row forminator-row-last\"><div class=\"forminator-col\"><div class=\"forminator-field\"><button class=\"forminator-button forminator-button-submit\">Trimite<\/button><\/div><\/div><\/div><input type=\"hidden\" id=\"forminator_nonce\" name=\"forminator_nonce\" value=\"29a32dcf2d\" \/><input type=\"hidden\" name=\"_wp_http_referer\" value=\"\/ro\/wp-json\/wp\/v2\/pages\/5927\" \/><input type=\"hidden\" name=\"form_id\" value=\"7429\"><input type=\"hidden\" name=\"page_id\" value=\"5927\"><input type=\"hidden\" name=\"form_type\" value=\"default\"><input type=\"hidden\" name=\"current_url\" value=\"https:\/\/grafen.com\/ro\/produse\/dulapuri-pentru-asezonarea-carnii\/\"><input type=\"hidden\" name=\"render_id\" value=\"0\"><input type=\"hidden\" name=\"action\" value=\"forminator_submit_form_custom-forms\"><\/form>            <\/div>\n\n    <figure>\n        <img decoding=\"async\" src=\"\" alt=\"Kontakt\">\n    <\/figure>\n<\/div>","protected":false},"excerpt":{"rendered":"","protected":false},"author":1,"featured_media":5928,"parent":6030,"menu_order":9,"comment_status":"closed","ping_status":"closed","template":"page-templates\/products.php","meta":{"_acf_changed":false,"inline_featured_image":false,"footnotes":""},"class_list":["post-5927","page","type-page","status-publish","has-post-thumbnail","hentry"],"acf":[],"yoast_head":"<!-- This site is optimized with the Yoast SEO plugin v27.6 - https:\/\/yoast.com\/product\/yoast-seo-wordpress\/ -->\n<title>Dulapuri pentru maturarea c\u0103rnii - GRAFEN | Restaurant equipment<\/title>\n<meta name=\"description\" content=\"Dulapurile pentru condimentarea c\u0103rnii sunt rezultatul anilor de munc\u0103 \u0219i experien\u021b\u0103 a exper\u021bilor, tehnicienilor \u0219i buc\u0103tarilor \u00een domeniul r\u0103cirii \u0219i conserv\u0103rii c\u0103rnii.\" \/>\n<meta name=\"robots\" content=\"index, follow, max-snippet:-1, max-image-preview:large, max-video-preview:-1\" \/>\n<link rel=\"canonical\" href=\"https:\/\/grafen.com\/ro\/produse\/dulapuri-pentru-asezonarea-carnii\/\" \/>\n<meta property=\"og:locale\" content=\"ro_RO\" \/>\n<meta property=\"og:type\" content=\"article\" \/>\n<meta property=\"og:title\" content=\"Dulapuri pentru maturarea c\u0103rnii - GRAFEN | Restaurant equipment\" \/>\n<meta property=\"og:description\" content=\"Dulapurile pentru condimentarea c\u0103rnii sunt rezultatul anilor de munc\u0103 \u0219i experien\u021b\u0103 a exper\u021bilor, tehnicienilor \u0219i buc\u0103tarilor \u00een domeniul r\u0103cirii \u0219i conserv\u0103rii c\u0103rnii.\" \/>\n<meta property=\"og:url\" content=\"https:\/\/grafen.com\/ro\/produse\/dulapuri-pentru-asezonarea-carnii\/\" \/>\n<meta property=\"og:site_name\" content=\"GRAFEN - Profesjonalne wyposa\u017cenie restauracji\" \/>\n<meta property=\"article:publisher\" content=\"https:\/\/www.facebook.com\/grafenrestaurantequipment\" \/>\n<meta property=\"article:modified_time\" content=\"2023-12-07T13:58:50+00:00\" \/>\n<meta property=\"og:image\" content=\"https:\/\/grafen.com\/wp-content\/uploads\/2022\/01\/strona-glowna-Grafen.png\" \/>\n\t<meta property=\"og:image:width\" content=\"1537\" \/>\n\t<meta property=\"og:image:height\" content=\"837\" \/>\n\t<meta property=\"og:image:type\" content=\"image\/png\" \/>\n<meta name=\"twitter:card\" content=\"summary_large_image\" \/>\n<script type=\"application\/ld+json\" class=\"yoast-schema-graph\">{\"@context\":\"https:\\\/\\\/schema.org\",\"@graph\":[{\"@type\":\"WebPage\",\"@id\":\"https:\\\/\\\/grafen.com\\\/ro\\\/produse\\\/dulapuri-pentru-asezonarea-carnii\\\/\",\"url\":\"https:\\\/\\\/grafen.com\\\/ro\\\/produse\\\/dulapuri-pentru-asezonarea-carnii\\\/\",\"name\":\"Dulapuri pentru maturarea c\u0103rnii - GRAFEN | Restaurant equipment\",\"isPartOf\":{\"@id\":\"https:\\\/\\\/grafen.com\\\/#website\"},\"primaryImageOfPage\":{\"@id\":\"https:\\\/\\\/grafen.com\\\/ro\\\/produse\\\/dulapuri-pentru-asezonarea-carnii\\\/#primaryimage\"},\"image\":{\"@id\":\"https:\\\/\\\/grafen.com\\\/ro\\\/produse\\\/dulapuri-pentru-asezonarea-carnii\\\/#primaryimage\"},\"thumbnailUrl\":\"https:\\\/\\\/grafen.com\\\/wp-content\\\/uploads\\\/2021\\\/10\\\/product-card-szafy.svg\",\"datePublished\":\"2021-10-25T13:00:52+00:00\",\"dateModified\":\"2023-12-07T13:58:50+00:00\",\"description\":\"Dulapurile pentru condimentarea c\u0103rnii sunt rezultatul anilor de munc\u0103 \u0219i experien\u021b\u0103 a exper\u021bilor, tehnicienilor \u0219i buc\u0103tarilor \u00een domeniul r\u0103cirii \u0219i conserv\u0103rii c\u0103rnii.\",\"breadcrumb\":{\"@id\":\"https:\\\/\\\/grafen.com\\\/ro\\\/produse\\\/dulapuri-pentru-asezonarea-carnii\\\/#breadcrumb\"},\"inLanguage\":\"ro-RO\",\"potentialAction\":[{\"@type\":\"ReadAction\",\"target\":[\"https:\\\/\\\/grafen.com\\\/ro\\\/produse\\\/dulapuri-pentru-asezonarea-carnii\\\/\"]}]},{\"@type\":\"ImageObject\",\"inLanguage\":\"ro-RO\",\"@id\":\"https:\\\/\\\/grafen.com\\\/ro\\\/produse\\\/dulapuri-pentru-asezonarea-carnii\\\/#primaryimage\",\"url\":\"https:\\\/\\\/grafen.com\\\/wp-content\\\/uploads\\\/2021\\\/10\\\/product-card-szafy.svg\",\"contentUrl\":\"https:\\\/\\\/grafen.com\\\/wp-content\\\/uploads\\\/2021\\\/10\\\/product-card-szafy.svg\",\"width\":44,\"height\":44},{\"@type\":\"BreadcrumbList\",\"@id\":\"https:\\\/\\\/grafen.com\\\/ro\\\/produse\\\/dulapuri-pentru-asezonarea-carnii\\\/#breadcrumb\",\"itemListElement\":[{\"@type\":\"ListItem\",\"position\":1,\"name\":\"Strona g\u0142\u00f3wna\",\"item\":\"https:\\\/\\\/grafen.com\\\/ro\\\/\"},{\"@type\":\"ListItem\",\"position\":2,\"name\":\"Produse\",\"item\":\"https:\\\/\\\/grafen.com\\\/ro\\\/produse\\\/\"},{\"@type\":\"ListItem\",\"position\":3,\"name\":\"Dulapuri pentru maturarea c\u0103rnii\"}]},{\"@type\":\"WebSite\",\"@id\":\"https:\\\/\\\/grafen.com\\\/#website\",\"url\":\"https:\\\/\\\/grafen.com\\\/\",\"name\":\"GRAFEN - Profesjonalne wyposa\u017cenie restauracji\",\"description\":\"Profesjonalne urz\u0105dzenia gastronomiczne\",\"publisher\":{\"@id\":\"https:\\\/\\\/grafen.com\\\/#organization\"},\"potentialAction\":[{\"@type\":\"SearchAction\",\"target\":{\"@type\":\"EntryPoint\",\"urlTemplate\":\"https:\\\/\\\/grafen.com\\\/?s={search_term_string}\"},\"query-input\":{\"@type\":\"PropertyValueSpecification\",\"valueRequired\":true,\"valueName\":\"search_term_string\"}}],\"inLanguage\":\"ro-RO\"},{\"@type\":\"Organization\",\"@id\":\"https:\\\/\\\/grafen.com\\\/#organization\",\"name\":\"GRAFEN - Profesjonalne wyposa\u017cenie restauracji\",\"url\":\"https:\\\/\\\/grafen.com\\\/\",\"logo\":{\"@type\":\"ImageObject\",\"inLanguage\":\"ro-RO\",\"@id\":\"https:\\\/\\\/grafen.com\\\/#\\\/schema\\\/logo\\\/image\\\/\",\"url\":\"https:\\\/\\\/grafen.com\\\/wp-content\\\/uploads\\\/2023\\\/03\\\/grafen-sygnet.png\",\"contentUrl\":\"https:\\\/\\\/grafen.com\\\/wp-content\\\/uploads\\\/2023\\\/03\\\/grafen-sygnet.png\",\"width\":66,\"height\":66,\"caption\":\"GRAFEN - Profesjonalne wyposa\u017cenie restauracji\"},\"image\":{\"@id\":\"https:\\\/\\\/grafen.com\\\/#\\\/schema\\\/logo\\\/image\\\/\"},\"sameAs\":[\"https:\\\/\\\/www.facebook.com\\\/grafenrestaurantequipment\"]}]}<\/script>\n<!-- \/ Yoast SEO plugin. -->","yoast_head_json":{"title":"Dulapuri pentru maturarea c\u0103rnii - GRAFEN | Restaurant equipment","description":"Dulapurile pentru condimentarea c\u0103rnii sunt rezultatul anilor de munc\u0103 \u0219i experien\u021b\u0103 a exper\u021bilor, tehnicienilor \u0219i buc\u0103tarilor \u00een domeniul r\u0103cirii \u0219i conserv\u0103rii c\u0103rnii.","robots":{"index":"index","follow":"follow","max-snippet":"max-snippet:-1","max-image-preview":"max-image-preview:large","max-video-preview":"max-video-preview:-1"},"canonical":"https:\/\/grafen.com\/ro\/produse\/dulapuri-pentru-asezonarea-carnii\/","og_locale":"ro_RO","og_type":"article","og_title":"Dulapuri pentru maturarea c\u0103rnii - GRAFEN | Restaurant equipment","og_description":"Dulapurile pentru condimentarea c\u0103rnii sunt rezultatul anilor de munc\u0103 \u0219i experien\u021b\u0103 a exper\u021bilor, tehnicienilor \u0219i buc\u0103tarilor \u00een domeniul r\u0103cirii \u0219i conserv\u0103rii c\u0103rnii.","og_url":"https:\/\/grafen.com\/ro\/produse\/dulapuri-pentru-asezonarea-carnii\/","og_site_name":"GRAFEN - Profesjonalne wyposa\u017cenie restauracji","article_publisher":"https:\/\/www.facebook.com\/grafenrestaurantequipment","article_modified_time":"2023-12-07T13:58:50+00:00","og_image":[{"width":1537,"height":837,"url":"https:\/\/grafen.com\/wp-content\/uploads\/2022\/01\/strona-glowna-Grafen.png","type":"image\/png"}],"twitter_card":"summary_large_image","schema":{"@context":"https:\/\/schema.org","@graph":[{"@type":"WebPage","@id":"https:\/\/grafen.com\/ro\/produse\/dulapuri-pentru-asezonarea-carnii\/","url":"https:\/\/grafen.com\/ro\/produse\/dulapuri-pentru-asezonarea-carnii\/","name":"Dulapuri pentru maturarea c\u0103rnii - GRAFEN | Restaurant equipment","isPartOf":{"@id":"https:\/\/grafen.com\/#website"},"primaryImageOfPage":{"@id":"https:\/\/grafen.com\/ro\/produse\/dulapuri-pentru-asezonarea-carnii\/#primaryimage"},"image":{"@id":"https:\/\/grafen.com\/ro\/produse\/dulapuri-pentru-asezonarea-carnii\/#primaryimage"},"thumbnailUrl":"https:\/\/grafen.com\/wp-content\/uploads\/2021\/10\/product-card-szafy.svg","datePublished":"2021-10-25T13:00:52+00:00","dateModified":"2023-12-07T13:58:50+00:00","description":"Dulapurile pentru condimentarea c\u0103rnii sunt rezultatul anilor de munc\u0103 \u0219i experien\u021b\u0103 a exper\u021bilor, tehnicienilor \u0219i buc\u0103tarilor \u00een domeniul r\u0103cirii \u0219i conserv\u0103rii c\u0103rnii.","breadcrumb":{"@id":"https:\/\/grafen.com\/ro\/produse\/dulapuri-pentru-asezonarea-carnii\/#breadcrumb"},"inLanguage":"ro-RO","potentialAction":[{"@type":"ReadAction","target":["https:\/\/grafen.com\/ro\/produse\/dulapuri-pentru-asezonarea-carnii\/"]}]},{"@type":"ImageObject","inLanguage":"ro-RO","@id":"https:\/\/grafen.com\/ro\/produse\/dulapuri-pentru-asezonarea-carnii\/#primaryimage","url":"https:\/\/grafen.com\/wp-content\/uploads\/2021\/10\/product-card-szafy.svg","contentUrl":"https:\/\/grafen.com\/wp-content\/uploads\/2021\/10\/product-card-szafy.svg","width":44,"height":44},{"@type":"BreadcrumbList","@id":"https:\/\/grafen.com\/ro\/produse\/dulapuri-pentru-asezonarea-carnii\/#breadcrumb","itemListElement":[{"@type":"ListItem","position":1,"name":"Strona g\u0142\u00f3wna","item":"https:\/\/grafen.com\/ro\/"},{"@type":"ListItem","position":2,"name":"Produse","item":"https:\/\/grafen.com\/ro\/produse\/"},{"@type":"ListItem","position":3,"name":"Dulapuri pentru maturarea c\u0103rnii"}]},{"@type":"WebSite","@id":"https:\/\/grafen.com\/#website","url":"https:\/\/grafen.com\/","name":"GRAFEN - Profesjonalne wyposa\u017cenie restauracji","description":"Profesjonalne urz\u0105dzenia gastronomiczne","publisher":{"@id":"https:\/\/grafen.com\/#organization"},"potentialAction":[{"@type":"SearchAction","target":{"@type":"EntryPoint","urlTemplate":"https:\/\/grafen.com\/?s={search_term_string}"},"query-input":{"@type":"PropertyValueSpecification","valueRequired":true,"valueName":"search_term_string"}}],"inLanguage":"ro-RO"},{"@type":"Organization","@id":"https:\/\/grafen.com\/#organization","name":"GRAFEN - Profesjonalne wyposa\u017cenie restauracji","url":"https:\/\/grafen.com\/","logo":{"@type":"ImageObject","inLanguage":"ro-RO","@id":"https:\/\/grafen.com\/#\/schema\/logo\/image\/","url":"https:\/\/grafen.com\/wp-content\/uploads\/2023\/03\/grafen-sygnet.png","contentUrl":"https:\/\/grafen.com\/wp-content\/uploads\/2023\/03\/grafen-sygnet.png","width":66,"height":66,"caption":"GRAFEN - Profesjonalne wyposa\u017cenie restauracji"},"image":{"@id":"https:\/\/grafen.com\/#\/schema\/logo\/image\/"},"sameAs":["https:\/\/www.facebook.com\/grafenrestaurantequipment"]}]}},"_links":{"self":[{"href":"https:\/\/grafen.com\/ro\/wp-json\/wp\/v2\/pages\/5927","targetHints":{"allow":["GET"]}}],"collection":[{"href":"https:\/\/grafen.com\/ro\/wp-json\/wp\/v2\/pages"}],"about":[{"href":"https:\/\/grafen.com\/ro\/wp-json\/wp\/v2\/types\/page"}],"author":[{"embeddable":true,"href":"https:\/\/grafen.com\/ro\/wp-json\/wp\/v2\/users\/1"}],"replies":[{"embeddable":true,"href":"https:\/\/grafen.com\/ro\/wp-json\/wp\/v2\/comments?post=5927"}],"version-history":[{"count":17,"href":"https:\/\/grafen.com\/ro\/wp-json\/wp\/v2\/pages\/5927\/revisions"}],"predecessor-version":[{"id":9064,"href":"https:\/\/grafen.com\/ro\/wp-json\/wp\/v2\/pages\/5927\/revisions\/9064"}],"up":[{"embeddable":true,"href":"https:\/\/grafen.com\/ro\/wp-json\/wp\/v2\/pages\/6030"}],"wp:featuredmedia":[{"embeddable":true,"href":"https:\/\/grafen.com\/ro\/wp-json\/wp\/v2\/media\/5928"}],"wp:attachment":[{"href":"https:\/\/grafen.com\/ro\/wp-json\/wp\/v2\/media?parent=5927"}],"curies":[{"name":"wp","href":"https:\/\/api.w.org\/{rel}","templated":true}]}}