{"id":8223,"date":"2022-06-23T10:45:15","date_gmt":"2022-06-23T08:45:15","guid":{"rendered":"https:\/\/grafen.com\/kalendarz-sushi-master-class\/"},"modified":"2023-03-24T22:08:52","modified_gmt":"2023-03-24T21:08:52","slug":"sushi-master-class-calendar","status":"publish","type":"page","link":"https:\/\/grafen.com\/en\/sushi-master-class-calendar\/","title":{"rendered":"Sushi Master Class Calendar"},"content":{"rendered":"\n<p class=\"has-text-align-center\"><strong>Select an event from the lists to register:<\/strong><\/p>\n","protected":false},"excerpt":{"rendered":"<p>Select an event from the lists to register:<\/p>\n","protected":false},"author":2,"featured_media":0,"parent":0,"menu_order":0,"comment_status":"closed","ping_status":"closed","template":"page-templates\/events-calendar.php","meta":{"_acf_changed":false,"inline_featured_image":false,"footnotes":""},"class_list":["post-8223","page","type-page","status-publish","hentry"],"acf":[],"yoast_head":"<!-- This site is optimized with the Yoast SEO plugin v27.4 - https:\/\/yoast.com\/product\/yoast-seo-wordpress\/ -->\n<title>Sushi Master Class Calendar - GRAFEN - Profesjonalne wyposa\u017cenie restauracji<\/title>\n<meta name=\"description\" content=\"Zapoznaj si\u0119 z kalendarzem warsztat\u00f3w, by nie omin\u0119\u0142o Ci\u0119 \u017cadne interesuj\u0105ce wydarzenie. B\u0105d\u017a z nami na bie\u017c\u0105co!\" \/>\n<meta name=\"robots\" content=\"index, follow, max-snippet:-1, max-image-preview:large, max-video-preview:-1\" \/>\n<link rel=\"canonical\" href=\"https:\/\/grafen.com\/en\/sushi-master-class-calendar\/\" \/>\n<meta property=\"og:locale\" content=\"en_US\" \/>\n<meta property=\"og:type\" content=\"article\" \/>\n<meta property=\"og:title\" content=\"Sushi Master Class Calendar - GRAFEN - Profesjonalne wyposa\u017cenie restauracji\" \/>\n<meta property=\"og:description\" content=\"Zapoznaj si\u0119 z kalendarzem warsztat\u00f3w, by nie omin\u0119\u0142o Ci\u0119 \u017cadne interesuj\u0105ce wydarzenie. B\u0105d\u017a z nami na bie\u017c\u0105co!\" \/>\n<meta property=\"og:url\" content=\"https:\/\/grafen.com\/en\/sushi-master-class-calendar\/\" \/>\n<meta property=\"og:site_name\" content=\"GRAFEN - Profesjonalne wyposa\u017cenie restauracji\" \/>\n<meta property=\"article:publisher\" content=\"https:\/\/www.facebook.com\/grafenrestaurantequipment\" \/>\n<meta property=\"article:modified_time\" content=\"2023-03-24T21:08:52+00:00\" \/>\n<meta property=\"og:image\" content=\"https:\/\/grafen.com\/wp-content\/uploads\/2022\/01\/strona-glowna-Grafen.png\" \/>\n\t<meta property=\"og:image:width\" content=\"1537\" \/>\n\t<meta property=\"og:image:height\" content=\"837\" \/>\n\t<meta property=\"og:image:type\" content=\"image\/png\" \/>\n<meta name=\"twitter:card\" content=\"summary_large_image\" \/>\n<meta name=\"twitter:label1\" content=\"Est. reading time\" \/>\n\t<meta name=\"twitter:data1\" content=\"1 minute\" \/>\n<script type=\"application\/ld+json\" class=\"yoast-schema-graph\">{\"@context\":\"https:\\\/\\\/schema.org\",\"@graph\":[{\"@type\":\"WebPage\",\"@id\":\"https:\\\/\\\/grafen.com\\\/en\\\/sushi-master-class-calendar\\\/\",\"url\":\"https:\\\/\\\/grafen.com\\\/en\\\/sushi-master-class-calendar\\\/\",\"name\":\"Sushi Master Class Calendar - GRAFEN - Profesjonalne wyposa\u017cenie restauracji\",\"isPartOf\":{\"@id\":\"https:\\\/\\\/grafen.com\\\/#website\"},\"datePublished\":\"2022-06-23T08:45:15+00:00\",\"dateModified\":\"2023-03-24T21:08:52+00:00\",\"description\":\"Zapoznaj si\u0119 z kalendarzem warsztat\u00f3w, by nie omin\u0119\u0142o Ci\u0119 \u017cadne interesuj\u0105ce wydarzenie. B\u0105d\u017a z nami na bie\u017c\u0105co!\",\"breadcrumb\":{\"@id\":\"https:\\\/\\\/grafen.com\\\/en\\\/sushi-master-class-calendar\\\/#breadcrumb\"},\"inLanguage\":\"en-US\",\"potentialAction\":[{\"@type\":\"ReadAction\",\"target\":[\"https:\\\/\\\/grafen.com\\\/en\\\/sushi-master-class-calendar\\\/\"]}]},{\"@type\":\"BreadcrumbList\",\"@id\":\"https:\\\/\\\/grafen.com\\\/en\\\/sushi-master-class-calendar\\\/#breadcrumb\",\"itemListElement\":[{\"@type\":\"ListItem\",\"position\":1,\"name\":\"Strona g\u0142\u00f3wna\",\"item\":\"https:\\\/\\\/grafen.com\\\/en\\\/\"},{\"@type\":\"ListItem\",\"position\":2,\"name\":\"Sushi Master Class Calendar\"}]},{\"@type\":\"WebSite\",\"@id\":\"https:\\\/\\\/grafen.com\\\/#website\",\"url\":\"https:\\\/\\\/grafen.com\\\/\",\"name\":\"GRAFEN - Profesjonalne wyposa\u017cenie restauracji\",\"description\":\"Profesjonalne urz\u0105dzenia gastronomiczne\",\"publisher\":{\"@id\":\"https:\\\/\\\/grafen.com\\\/#organization\"},\"potentialAction\":[{\"@type\":\"SearchAction\",\"target\":{\"@type\":\"EntryPoint\",\"urlTemplate\":\"https:\\\/\\\/grafen.com\\\/?s={search_term_string}\"},\"query-input\":{\"@type\":\"PropertyValueSpecification\",\"valueRequired\":true,\"valueName\":\"search_term_string\"}}],\"inLanguage\":\"en-US\"},{\"@type\":\"Organization\",\"@id\":\"https:\\\/\\\/grafen.com\\\/#organization\",\"name\":\"GRAFEN - Profesjonalne wyposa\u017cenie restauracji\",\"url\":\"https:\\\/\\\/grafen.com\\\/\",\"logo\":{\"@type\":\"ImageObject\",\"inLanguage\":\"en-US\",\"@id\":\"https:\\\/\\\/grafen.com\\\/#\\\/schema\\\/logo\\\/image\\\/\",\"url\":\"https:\\\/\\\/grafen.com\\\/wp-content\\\/uploads\\\/2023\\\/03\\\/grafen-sygnet.png\",\"contentUrl\":\"https:\\\/\\\/grafen.com\\\/wp-content\\\/uploads\\\/2023\\\/03\\\/grafen-sygnet.png\",\"width\":66,\"height\":66,\"caption\":\"GRAFEN - Profesjonalne wyposa\u017cenie restauracji\"},\"image\":{\"@id\":\"https:\\\/\\\/grafen.com\\\/#\\\/schema\\\/logo\\\/image\\\/\"},\"sameAs\":[\"https:\\\/\\\/www.facebook.com\\\/grafenrestaurantequipment\"]}]}<\/script>\n<!-- \/ Yoast SEO plugin. -->","yoast_head_json":{"title":"Sushi Master Class Calendar - GRAFEN - Profesjonalne wyposa\u017cenie restauracji","description":"Zapoznaj si\u0119 z kalendarzem warsztat\u00f3w, by nie omin\u0119\u0142o Ci\u0119 \u017cadne interesuj\u0105ce wydarzenie. B\u0105d\u017a z nami na bie\u017c\u0105co!","robots":{"index":"index","follow":"follow","max-snippet":"max-snippet:-1","max-image-preview":"max-image-preview:large","max-video-preview":"max-video-preview:-1"},"canonical":"https:\/\/grafen.com\/en\/sushi-master-class-calendar\/","og_locale":"en_US","og_type":"article","og_title":"Sushi Master Class Calendar - GRAFEN - Profesjonalne wyposa\u017cenie restauracji","og_description":"Zapoznaj si\u0119 z kalendarzem warsztat\u00f3w, by nie omin\u0119\u0142o Ci\u0119 \u017cadne interesuj\u0105ce wydarzenie. B\u0105d\u017a z nami na bie\u017c\u0105co!","og_url":"https:\/\/grafen.com\/en\/sushi-master-class-calendar\/","og_site_name":"GRAFEN - Profesjonalne wyposa\u017cenie restauracji","article_publisher":"https:\/\/www.facebook.com\/grafenrestaurantequipment","article_modified_time":"2023-03-24T21:08:52+00:00","og_image":[{"width":1537,"height":837,"url":"https:\/\/grafen.com\/wp-content\/uploads\/2022\/01\/strona-glowna-Grafen.png","type":"image\/png"}],"twitter_card":"summary_large_image","twitter_misc":{"Est. reading time":"1 minute"},"schema":{"@context":"https:\/\/schema.org","@graph":[{"@type":"WebPage","@id":"https:\/\/grafen.com\/en\/sushi-master-class-calendar\/","url":"https:\/\/grafen.com\/en\/sushi-master-class-calendar\/","name":"Sushi Master Class Calendar - GRAFEN - Profesjonalne wyposa\u017cenie restauracji","isPartOf":{"@id":"https:\/\/grafen.com\/#website"},"datePublished":"2022-06-23T08:45:15+00:00","dateModified":"2023-03-24T21:08:52+00:00","description":"Zapoznaj si\u0119 z kalendarzem warsztat\u00f3w, by nie omin\u0119\u0142o Ci\u0119 \u017cadne interesuj\u0105ce wydarzenie. B\u0105d\u017a z nami na bie\u017c\u0105co!","breadcrumb":{"@id":"https:\/\/grafen.com\/en\/sushi-master-class-calendar\/#breadcrumb"},"inLanguage":"en-US","potentialAction":[{"@type":"ReadAction","target":["https:\/\/grafen.com\/en\/sushi-master-class-calendar\/"]}]},{"@type":"BreadcrumbList","@id":"https:\/\/grafen.com\/en\/sushi-master-class-calendar\/#breadcrumb","itemListElement":[{"@type":"ListItem","position":1,"name":"Strona g\u0142\u00f3wna","item":"https:\/\/grafen.com\/en\/"},{"@type":"ListItem","position":2,"name":"Sushi Master Class Calendar"}]},{"@type":"WebSite","@id":"https:\/\/grafen.com\/#website","url":"https:\/\/grafen.com\/","name":"GRAFEN - Profesjonalne wyposa\u017cenie restauracji","description":"Profesjonalne urz\u0105dzenia gastronomiczne","publisher":{"@id":"https:\/\/grafen.com\/#organization"},"potentialAction":[{"@type":"SearchAction","target":{"@type":"EntryPoint","urlTemplate":"https:\/\/grafen.com\/?s={search_term_string}"},"query-input":{"@type":"PropertyValueSpecification","valueRequired":true,"valueName":"search_term_string"}}],"inLanguage":"en-US"},{"@type":"Organization","@id":"https:\/\/grafen.com\/#organization","name":"GRAFEN - Profesjonalne wyposa\u017cenie restauracji","url":"https:\/\/grafen.com\/","logo":{"@type":"ImageObject","inLanguage":"en-US","@id":"https:\/\/grafen.com\/#\/schema\/logo\/image\/","url":"https:\/\/grafen.com\/wp-content\/uploads\/2023\/03\/grafen-sygnet.png","contentUrl":"https:\/\/grafen.com\/wp-content\/uploads\/2023\/03\/grafen-sygnet.png","width":66,"height":66,"caption":"GRAFEN - Profesjonalne wyposa\u017cenie restauracji"},"image":{"@id":"https:\/\/grafen.com\/#\/schema\/logo\/image\/"},"sameAs":["https:\/\/www.facebook.com\/grafenrestaurantequipment"]}]}},"_links":{"self":[{"href":"https:\/\/grafen.com\/en\/wp-json\/wp\/v2\/pages\/8223","targetHints":{"allow":["GET"]}}],"collection":[{"href":"https:\/\/grafen.com\/en\/wp-json\/wp\/v2\/pages"}],"about":[{"href":"https:\/\/grafen.com\/en\/wp-json\/wp\/v2\/types\/page"}],"author":[{"embeddable":true,"href":"https:\/\/grafen.com\/en\/wp-json\/wp\/v2\/users\/2"}],"replies":[{"embeddable":true,"href":"https:\/\/grafen.com\/en\/wp-json\/wp\/v2\/comments?post=8223"}],"version-history":[{"count":1,"href":"https:\/\/grafen.com\/en\/wp-json\/wp\/v2\/pages\/8223\/revisions"}],"predecessor-version":[{"id":8231,"href":"https:\/\/grafen.com\/en\/wp-json\/wp\/v2\/pages\/8223\/revisions\/8231"}],"wp:attachment":[{"href":"https:\/\/grafen.com\/en\/wp-json\/wp\/v2\/media?parent=8223"}],"curies":[{"name":"wp","href":"https:\/\/api.w.org\/{rel}","templated":true}]}}