{"id":7240,"date":"2021-10-20T14:23:28","date_gmt":"2021-10-20T12:23:28","guid":{"rendered":"https:\/\/grafen.com\/szkolenia\/"},"modified":"2022-10-25T23:39:57","modified_gmt":"2022-10-25T21:39:57","slug":"worshops","status":"publish","type":"page","link":"https:\/\/grafen.com\/en\/worshops\/","title":{"rendered":"Worshops"},"content":{"rendered":"\n<p>.<\/p>\n\n\n\n<div class=\"wp-block-columns is-layout-flex wp-container-core-columns-is-layout-9d6595d7 wp-block-columns-is-layout-flex\">\n<div class=\"wp-block-column is-vertically-aligned-center is-layout-flow wp-block-column-is-layout-flow\">\n<figure class=\"wp-block-image size-full\"><img loading=\"lazy\" decoding=\"async\" width=\"400\" height=\"330\" src=\"https:\/\/grafen.com\/wp-content\/uploads\/2022\/06\/logo-Moretti-Lab-400-szer.jpg\" alt=\"\" class=\"wp-image-4760\" srcset=\"https:\/\/grafen.com\/wp-content\/uploads\/2022\/06\/logo-Moretti-Lab-400-szer.jpg 400w, https:\/\/grafen.com\/wp-content\/uploads\/2022\/06\/logo-Moretti-Lab-400-szer-300x248.jpg 300w\" sizes=\"auto, (max-width: 400px) 100vw, 400px\" \/><\/figure>\n<\/div>\n\n\n\n<div class=\"wp-block-column is-vertically-aligned-center is-layout-flow wp-block-column-is-layout-flow\">\n<p><strong>Take part in professional BASE training and learn the pizzaiolo profession!<\/strong><\/p>\n\n\n\n<div style=\"height:20px\" aria-hidden=\"true\" class=\"wp-block-spacer\"><\/div>\n\n\n\n<p><strong>MorettiLAB<\/strong> collaborates with the best Italian and European professionals in the pizzeria, confectionery and bakery sector, offering training courses that deepen and discover the world of baking. The experience of our trainers is an invaluable wealth of the Baking Academy.<\/p>\n\n\n\n<div style=\"height:20px\" aria-hidden=\"true\" class=\"wp-block-spacer\"><\/div>\n\n\n\n<p class=\"has-vivid-cyan-blue-color has-text-color\"><a href=\"https:\/\/grafen.com\/en\/moretti-lab\/\"><mark style=\"background-color:rgba(0, 0, 0, 0)\" class=\"has-inline-color has-vivid-cyan-blue-color\">Get the details &gt;&gt;&gt;<\/mark><\/a><\/p>\n<\/div>\n<\/div>\n\n\n\n<div class=\"wp-block-columns is-layout-flex wp-container-core-columns-is-layout-9d6595d7 wp-block-columns-is-layout-flex\">\n<div class=\"wp-block-column is-vertically-aligned-center is-layout-flow wp-block-column-is-layout-flow\">\n<figure class=\"wp-block-image size-full\"><img loading=\"lazy\" decoding=\"async\" width=\"400\" height=\"434\" src=\"https:\/\/grafen.com\/wp-content\/uploads\/2022\/06\/logo-Sushi-Master-Class.jpg\" alt=\"\" class=\"wp-image-4807\" srcset=\"https:\/\/grafen.com\/wp-content\/uploads\/2022\/06\/logo-Sushi-Master-Class.jpg 400w, https:\/\/grafen.com\/wp-content\/uploads\/2022\/06\/logo-Sushi-Master-Class-276x300.jpg 276w\" sizes=\"auto, (max-width: 400px) 100vw, 400px\" \/><\/figure>\n<\/div>\n\n\n\n<div class=\"wp-block-column is-vertically-aligned-center is-layout-flow wp-block-column-is-layout-flow\">\n<p>The art of making sushi can be a challenge, but at the same time a great business idea, you just need to know where to start.<\/p>\n\n\n\n<div style=\"height:20px\" aria-hidden=\"true\" class=\"wp-block-spacer\"><\/div>\n\n\n\n<p>Sushi MasterClass is a free workshop aimed at professionals related to the sushi market.<\/p>\n\n\n\n<div style=\"height:20px\" aria-hidden=\"true\" class=\"wp-block-spacer\"><\/div>\n\n\n\n<p>Our goal is to bring the sushi business closer to all those who are interested in developing and creating a creative culinary offer for their customers.<\/p>\n\n\n\n<div style=\"height:20px\" aria-hidden=\"true\" class=\"wp-block-spacer\"><\/div>\n\n\n\n<p class=\"has-vivid-cyan-blue-color has-text-color\"><mark style=\"background-color:rgba(0, 0, 0, 0)\" class=\"has-inline-color has-vivid-cyan-blue-color\"><a href=\"https:\/\/grafen.com\/en\/sushi-master-class\/\">Get the details >>><\/a><\/mark><\/p>\n<\/div>\n<\/div>\n\n\n\n<div class=\"wp-block-columns is-layout-flex wp-container-core-columns-is-layout-9d6595d7 wp-block-columns-is-layout-flex\">\n<div class=\"wp-block-column is-vertically-aligned-center is-layout-flow wp-block-column-is-layout-flow\">\n<figure class=\"wp-block-image size-full\"><img loading=\"lazy\" decoding=\"async\" width=\"400\" height=\"330\" src=\"https:\/\/grafen.com\/wp-content\/uploads\/2022\/06\/Pizza-Forum-logo_1920x1080-black-400-szer.jpg\" alt=\"\" class=\"wp-image-4775\" srcset=\"https:\/\/grafen.com\/wp-content\/uploads\/2022\/06\/Pizza-Forum-logo_1920x1080-black-400-szer.jpg 400w, https:\/\/grafen.com\/wp-content\/uploads\/2022\/06\/Pizza-Forum-logo_1920x1080-black-400-szer-300x248.jpg 300w\" sizes=\"auto, (max-width: 400px) 100vw, 400px\" \/><\/figure>\n<\/div>\n\n\n\n<div class=\"wp-block-column is-vertically-aligned-center is-layout-flow wp-block-column-is-layout-flow\">\n<p><strong>These are periodically organized, free workshops aimed at professionals related to the pizzeria market.<\/strong><\/p>\n\n\n\n<div style=\"height:20px\" aria-hidden=\"true\" class=\"wp-block-spacer\"><\/div>\n\n\n\n<p>It is an idea aimed at transferring professional knowledge about the pizzeria business, which is based on the highest quality product &#8211; pizza &#8211; in line with the rules of Italian masters, who have been perfecting the workshop and the procedure of preparing the perfect dough for centuries.<\/p>\n\n\n\n<div style=\"height:20px\" aria-hidden=\"true\" class=\"wp-block-spacer\"><\/div>\n\n\n\n<p class=\"has-vivid-cyan-blue-color has-text-color\"><a href=\"https:\/\/grafen.com\/en\/pizza-forum\/\"><mark style=\"background-color:rgba(0, 0, 0, 0)\" class=\"has-inline-color has-vivid-cyan-blue-color\">Get the details &gt;&gt;&gt;<\/mark><\/a><\/p>\n<\/div>\n<\/div>\n","protected":false},"excerpt":{"rendered":"<p>. Take part in professional BASE training and learn the pizzaiolo profession! MorettiLAB collaborates with the best Italian and European professionals in the pizzeria, confectionery and bakery sector, offering training courses that deepen and discover the world of baking. The experience of our trainers is an invaluable wealth of the Baking Academy. Get the details [&hellip;]<\/p>\n","protected":false},"author":1,"featured_media":0,"parent":0,"menu_order":0,"comment_status":"closed","ping_status":"closed","template":"page-templates\/events-calendar.php","meta":{"_acf_changed":false,"inline_featured_image":false,"footnotes":""},"class_list":["post-7240","page","type-page","status-publish","hentry"],"acf":[],"yoast_head":"<!-- This site is optimized with the Yoast SEO plugin v27.6 - https:\/\/yoast.com\/product\/yoast-seo-wordpress\/ -->\n<title>Worshops - GRAFEN - Profesjonalne wyposa\u017cenie restauracji<\/title>\n<meta name=\"description\" content=\"Zobacz list\u0119 nadchodz\u0105cych wydarze\u0144 i szkole\u0144, kt\u00f3re mog\u0105 Ci\u0119 zainteresowa\u0107.\" \/>\n<meta name=\"robots\" content=\"index, follow, max-snippet:-1, max-image-preview:large, max-video-preview:-1\" \/>\n<link rel=\"canonical\" href=\"https:\/\/grafen.com\/en\/worshops\/\" \/>\n<meta property=\"og:locale\" content=\"en_US\" \/>\n<meta property=\"og:type\" content=\"article\" \/>\n<meta property=\"og:title\" content=\"Worshops - GRAFEN - Profesjonalne wyposa\u017cenie restauracji\" \/>\n<meta property=\"og:description\" content=\"Zobacz list\u0119 nadchodz\u0105cych wydarze\u0144 i szkole\u0144, kt\u00f3re mog\u0105 Ci\u0119 zainteresowa\u0107.\" \/>\n<meta property=\"og:url\" content=\"https:\/\/grafen.com\/en\/worshops\/\" \/>\n<meta property=\"og:site_name\" content=\"GRAFEN - Profesjonalne wyposa\u017cenie restauracji\" \/>\n<meta property=\"article:publisher\" content=\"https:\/\/www.facebook.com\/grafenrestaurantequipment\" \/>\n<meta property=\"article:modified_time\" content=\"2022-10-25T21:39:57+00:00\" \/>\n<meta property=\"og:image\" content=\"https:\/\/grafen.com\/wp-content\/uploads\/2022\/06\/logo-Moretti-Lab-400-szer.jpg\" \/>\n<meta name=\"twitter:card\" content=\"summary_large_image\" \/>\n<meta name=\"twitter:label1\" content=\"Est. reading time\" \/>\n\t<meta name=\"twitter:data1\" content=\"2 minutes\" \/>\n<script type=\"application\/ld+json\" class=\"yoast-schema-graph\">{\"@context\":\"https:\\\/\\\/schema.org\",\"@graph\":[{\"@type\":\"WebPage\",\"@id\":\"https:\\\/\\\/grafen.com\\\/en\\\/worshops\\\/\",\"url\":\"https:\\\/\\\/grafen.com\\\/en\\\/worshops\\\/\",\"name\":\"Worshops - GRAFEN - Profesjonalne wyposa\u017cenie restauracji\",\"isPartOf\":{\"@id\":\"https:\\\/\\\/grafen.com\\\/#website\"},\"primaryImageOfPage\":{\"@id\":\"https:\\\/\\\/grafen.com\\\/en\\\/worshops\\\/#primaryimage\"},\"image\":{\"@id\":\"https:\\\/\\\/grafen.com\\\/en\\\/worshops\\\/#primaryimage\"},\"thumbnailUrl\":\"https:\\\/\\\/grafen.com\\\/wp-content\\\/uploads\\\/2022\\\/06\\\/logo-Moretti-Lab-400-szer.jpg\",\"datePublished\":\"2021-10-20T12:23:28+00:00\",\"dateModified\":\"2022-10-25T21:39:57+00:00\",\"description\":\"Zobacz list\u0119 nadchodz\u0105cych wydarze\u0144 i szkole\u0144, kt\u00f3re mog\u0105 Ci\u0119 zainteresowa\u0107.\",\"breadcrumb\":{\"@id\":\"https:\\\/\\\/grafen.com\\\/en\\\/worshops\\\/#breadcrumb\"},\"inLanguage\":\"en-US\",\"potentialAction\":[{\"@type\":\"ReadAction\",\"target\":[\"https:\\\/\\\/grafen.com\\\/en\\\/worshops\\\/\"]}]},{\"@type\":\"ImageObject\",\"inLanguage\":\"en-US\",\"@id\":\"https:\\\/\\\/grafen.com\\\/en\\\/worshops\\\/#primaryimage\",\"url\":\"https:\\\/\\\/grafen.com\\\/wp-content\\\/uploads\\\/2022\\\/06\\\/logo-Moretti-Lab-400-szer.jpg\",\"contentUrl\":\"https:\\\/\\\/grafen.com\\\/wp-content\\\/uploads\\\/2022\\\/06\\\/logo-Moretti-Lab-400-szer.jpg\"},{\"@type\":\"BreadcrumbList\",\"@id\":\"https:\\\/\\\/grafen.com\\\/en\\\/worshops\\\/#breadcrumb\",\"itemListElement\":[{\"@type\":\"ListItem\",\"position\":1,\"name\":\"Strona g\u0142\u00f3wna\",\"item\":\"https:\\\/\\\/grafen.com\\\/en\\\/\"},{\"@type\":\"ListItem\",\"position\":2,\"name\":\"Worshops\"}]},{\"@type\":\"WebSite\",\"@id\":\"https:\\\/\\\/grafen.com\\\/#website\",\"url\":\"https:\\\/\\\/grafen.com\\\/\",\"name\":\"GRAFEN - Profesjonalne wyposa\u017cenie restauracji\",\"description\":\"Profesjonalne urz\u0105dzenia gastronomiczne\",\"publisher\":{\"@id\":\"https:\\\/\\\/grafen.com\\\/#organization\"},\"potentialAction\":[{\"@type\":\"SearchAction\",\"target\":{\"@type\":\"EntryPoint\",\"urlTemplate\":\"https:\\\/\\\/grafen.com\\\/?s={search_term_string}\"},\"query-input\":{\"@type\":\"PropertyValueSpecification\",\"valueRequired\":true,\"valueName\":\"search_term_string\"}}],\"inLanguage\":\"en-US\"},{\"@type\":\"Organization\",\"@id\":\"https:\\\/\\\/grafen.com\\\/#organization\",\"name\":\"GRAFEN - Profesjonalne wyposa\u017cenie restauracji\",\"url\":\"https:\\\/\\\/grafen.com\\\/\",\"logo\":{\"@type\":\"ImageObject\",\"inLanguage\":\"en-US\",\"@id\":\"https:\\\/\\\/grafen.com\\\/#\\\/schema\\\/logo\\\/image\\\/\",\"url\":\"https:\\\/\\\/grafen.com\\\/wp-content\\\/uploads\\\/2023\\\/03\\\/grafen-sygnet.png\",\"contentUrl\":\"https:\\\/\\\/grafen.com\\\/wp-content\\\/uploads\\\/2023\\\/03\\\/grafen-sygnet.png\",\"width\":66,\"height\":66,\"caption\":\"GRAFEN - Profesjonalne wyposa\u017cenie restauracji\"},\"image\":{\"@id\":\"https:\\\/\\\/grafen.com\\\/#\\\/schema\\\/logo\\\/image\\\/\"},\"sameAs\":[\"https:\\\/\\\/www.facebook.com\\\/grafenrestaurantequipment\"]}]}<\/script>\n<!-- \/ Yoast SEO plugin. -->","yoast_head_json":{"title":"Worshops - GRAFEN - Profesjonalne wyposa\u017cenie restauracji","description":"Zobacz list\u0119 nadchodz\u0105cych wydarze\u0144 i szkole\u0144, kt\u00f3re mog\u0105 Ci\u0119 zainteresowa\u0107.","robots":{"index":"index","follow":"follow","max-snippet":"max-snippet:-1","max-image-preview":"max-image-preview:large","max-video-preview":"max-video-preview:-1"},"canonical":"https:\/\/grafen.com\/en\/worshops\/","og_locale":"en_US","og_type":"article","og_title":"Worshops - GRAFEN - Profesjonalne wyposa\u017cenie restauracji","og_description":"Zobacz list\u0119 nadchodz\u0105cych wydarze\u0144 i szkole\u0144, kt\u00f3re mog\u0105 Ci\u0119 zainteresowa\u0107.","og_url":"https:\/\/grafen.com\/en\/worshops\/","og_site_name":"GRAFEN - Profesjonalne wyposa\u017cenie restauracji","article_publisher":"https:\/\/www.facebook.com\/grafenrestaurantequipment","article_modified_time":"2022-10-25T21:39:57+00:00","og_image":[{"url":"https:\/\/grafen.com\/wp-content\/uploads\/2022\/06\/logo-Moretti-Lab-400-szer.jpg","type":"","width":"","height":""}],"twitter_card":"summary_large_image","twitter_misc":{"Est. reading time":"2 minutes"},"schema":{"@context":"https:\/\/schema.org","@graph":[{"@type":"WebPage","@id":"https:\/\/grafen.com\/en\/worshops\/","url":"https:\/\/grafen.com\/en\/worshops\/","name":"Worshops - GRAFEN - Profesjonalne wyposa\u017cenie restauracji","isPartOf":{"@id":"https:\/\/grafen.com\/#website"},"primaryImageOfPage":{"@id":"https:\/\/grafen.com\/en\/worshops\/#primaryimage"},"image":{"@id":"https:\/\/grafen.com\/en\/worshops\/#primaryimage"},"thumbnailUrl":"https:\/\/grafen.com\/wp-content\/uploads\/2022\/06\/logo-Moretti-Lab-400-szer.jpg","datePublished":"2021-10-20T12:23:28+00:00","dateModified":"2022-10-25T21:39:57+00:00","description":"Zobacz list\u0119 nadchodz\u0105cych wydarze\u0144 i szkole\u0144, kt\u00f3re mog\u0105 Ci\u0119 zainteresowa\u0107.","breadcrumb":{"@id":"https:\/\/grafen.com\/en\/worshops\/#breadcrumb"},"inLanguage":"en-US","potentialAction":[{"@type":"ReadAction","target":["https:\/\/grafen.com\/en\/worshops\/"]}]},{"@type":"ImageObject","inLanguage":"en-US","@id":"https:\/\/grafen.com\/en\/worshops\/#primaryimage","url":"https:\/\/grafen.com\/wp-content\/uploads\/2022\/06\/logo-Moretti-Lab-400-szer.jpg","contentUrl":"https:\/\/grafen.com\/wp-content\/uploads\/2022\/06\/logo-Moretti-Lab-400-szer.jpg"},{"@type":"BreadcrumbList","@id":"https:\/\/grafen.com\/en\/worshops\/#breadcrumb","itemListElement":[{"@type":"ListItem","position":1,"name":"Strona g\u0142\u00f3wna","item":"https:\/\/grafen.com\/en\/"},{"@type":"ListItem","position":2,"name":"Worshops"}]},{"@type":"WebSite","@id":"https:\/\/grafen.com\/#website","url":"https:\/\/grafen.com\/","name":"GRAFEN - Profesjonalne wyposa\u017cenie restauracji","description":"Profesjonalne urz\u0105dzenia gastronomiczne","publisher":{"@id":"https:\/\/grafen.com\/#organization"},"potentialAction":[{"@type":"SearchAction","target":{"@type":"EntryPoint","urlTemplate":"https:\/\/grafen.com\/?s={search_term_string}"},"query-input":{"@type":"PropertyValueSpecification","valueRequired":true,"valueName":"search_term_string"}}],"inLanguage":"en-US"},{"@type":"Organization","@id":"https:\/\/grafen.com\/#organization","name":"GRAFEN - Profesjonalne wyposa\u017cenie restauracji","url":"https:\/\/grafen.com\/","logo":{"@type":"ImageObject","inLanguage":"en-US","@id":"https:\/\/grafen.com\/#\/schema\/logo\/image\/","url":"https:\/\/grafen.com\/wp-content\/uploads\/2023\/03\/grafen-sygnet.png","contentUrl":"https:\/\/grafen.com\/wp-content\/uploads\/2023\/03\/grafen-sygnet.png","width":66,"height":66,"caption":"GRAFEN - Profesjonalne wyposa\u017cenie restauracji"},"image":{"@id":"https:\/\/grafen.com\/#\/schema\/logo\/image\/"},"sameAs":["https:\/\/www.facebook.com\/grafenrestaurantequipment"]}]}},"_links":{"self":[{"href":"https:\/\/grafen.com\/en\/wp-json\/wp\/v2\/pages\/7240","targetHints":{"allow":["GET"]}}],"collection":[{"href":"https:\/\/grafen.com\/en\/wp-json\/wp\/v2\/pages"}],"about":[{"href":"https:\/\/grafen.com\/en\/wp-json\/wp\/v2\/types\/page"}],"author":[{"embeddable":true,"href":"https:\/\/grafen.com\/en\/wp-json\/wp\/v2\/users\/1"}],"replies":[{"embeddable":true,"href":"https:\/\/grafen.com\/en\/wp-json\/wp\/v2\/comments?post=7240"}],"version-history":[{"count":5,"href":"https:\/\/grafen.com\/en\/wp-json\/wp\/v2\/pages\/7240\/revisions"}],"predecessor-version":[{"id":7257,"href":"https:\/\/grafen.com\/en\/wp-json\/wp\/v2\/pages\/7240\/revisions\/7257"}],"wp:attachment":[{"href":"https:\/\/grafen.com\/en\/wp-json\/wp\/v2\/media?parent=7240"}],"curies":[{"name":"wp","href":"https:\/\/api.w.org\/{rel}","templated":true}]}}