{"id":5994,"date":"2021-10-25T14:59:40","date_gmt":"2021-10-25T12:59:40","guid":{"rendered":"https:\/\/grafen.com\/chlodnictwo\/"},"modified":"2024-07-10T11:28:39","modified_gmt":"2024-07-10T09:28:39","slug":"refrigeration","status":"publish","type":"page","link":"https:\/\/grafen.com\/en\/products\/refrigeration\/","title":{"rendered":"Refrigeration"},"content":{"rendered":"\n    <section class=\"block-section-header section-bg-color-gray\">\n        <div class=\"wrapper\">\n                            <div class=\"logo\"><img decoding=\"async\" src=\"https:\/\/grafen.com\/wp-content\/uploads\/2021\/12\/CoolHead-logo.png\" alt=\"Logo sekcji\"><\/div>\n            \n            <div class=\"content\">\n                <div class=\"left\"><h2><p><strong>COOL HEAD<\/strong><\/p>\n<\/h2><\/div>\n                <div class=\"right\"><p>Italian manufacturer of high-quality, functional and durable professional refrigeration equipment.<\/p>\n<p>For 10 years, it has been creating professional refrigeration solutions equipped with the best available technology.<\/p>\n<\/div>\n            <\/div>\n        <\/div>\n    <\/section>\n\n\n\n\n<section class=\"where-to-use-tiles section-bg-color-white\">\n    <div class=\"wrapper\">\n                <div class=\"tiles-container\">\n                            <div class=\"single-tile\">\n                    <figure><img decoding=\"async\" src=\"https:\/\/grafen.com\/wp-content\/uploads\/2022\/10\/szafa-scaled-1-1024x1024.jpg\" alt=\"Refrigeration and freezing cabinets \"><\/figure>\n                    <h3>Refrigeration and freezing cabinets <\/h3>\n                <\/div>\n                            <div class=\"single-tile\">\n                    <figure><img decoding=\"async\" src=\"https:\/\/grafen.com\/wp-content\/uploads\/2022\/10\/QR-z-drzwiami-scaled-1-1024x1022.jpg\" alt=\"Cooling and freezing tables \"><\/figure>\n                    <h3>Cooling and freezing tables <\/h3>\n                <\/div>\n                            <div class=\"single-tile\">\n                    <figure><img decoding=\"async\" src=\"https:\/\/grafen.com\/wp-content\/uploads\/2022\/10\/CRQ-93A_Grafen2020-scaled-1-1024x1024.jpg\" alt=\"Refrigerated salad tables \"><\/figure>\n                    <h3>Refrigerated salad tables <\/h3>\n                <\/div>\n                            <div class=\"single-tile\">\n                    <figure><img decoding=\"async\" src=\"https:\/\/grafen.com\/wp-content\/uploads\/2022\/10\/do-pizzy-scaled-1-1014x1024.jpg\" alt=\"Refrigerated pizza tables \"><\/figure>\n                    <h3>Refrigerated pizza tables <\/h3>\n                <\/div>\n                    <\/div>\n\n                    <div class=\"button-wrapper\"><a href=\"https:\/\/catalogue.grafen.com\/?page=842\" class=\"button\" target=\"_blank\"> See the catalog<\/a><\/div>            <\/div>\n<\/section>\n\n\n\n\n    <section class=\"block-section-header section-bg-color-white\">\n        <div class=\"wrapper\">\n                            <div class=\"logo\"><img decoding=\"async\" src=\"https:\/\/grafen.com\/wp-content\/uploads\/2023\/04\/male-Grafen-logo-POZIOME-CZARNE3.png\" alt=\"Logo sekcji\"><\/div>\n            \n            <div class=\"content\">\n                <div class=\"left\"><h2><p>Blast chiller-freezers<\/p>\n<p>&nbsp;<\/p>\n<\/h2><\/div>\n                <div class=\"right\"><p>BENEFITS OF FAST COOLING AND FREEZING FOOD<\/p>\n<ul>\n<li>Minimal loss of moisture in food<\/li>\n<li>A richer menu for the consumer<\/li>\n<li>Time savings of up to 30% and better organization of work in the kitchen<\/li>\n<li>Waste reduction<\/li>\n<li>Less weight loss<\/li>\n<li>Savings on purchases<\/li>\n<\/ul>\n<\/div>\n            <\/div>\n        <\/div>\n    <\/section>\n\n\n\n\n<section class=\"block-checker section-bg-color-white\">\n    <div class=\"wrapper\">\n        <div class=\"wrapper-narrow\">\n                            <div class=\"row\">\n                    <figure>\n                        <img decoding=\"async\" src=\"https:\/\/grafen.com\/wp-content\/uploads\/2023\/04\/AT10ISOTH_2023-698x1024.jpg\" alt=\"\">\n                    <\/figure>\n                    <div>\n                                            <\/div>\n                <\/div>\n                    <\/div>\n    <\/div>\n<\/section>\n\n\n\n<div class=\"embedded-contact-form wrapper\">\n    <div class=\"form-container\">\n        <h2>Chcesz dowiedzie\u0107 si\u0119 wi\u0119cej o tym co oferujemy? Poszukujesz najlepszego rozwi\u0105zania do swojego biznesu?<\/h2>\n        <p>Skontaktuj si\u0119 z nami, doradzimy jaki sprz\u0119t b\u0119dzie dla Ciebie najlepszy<\/p>\n                <div class=\"forminator-ui forminator-custom-form forminator-custom-form-7428 forminator-design--default  forminator_ajax\" data-forminator-render=\"0\" data-form=\"forminator-module-7428\" data-uid=\"69e4b75a390d1\"><br\/><\/div><form\n\t\t\t\tid=\"forminator-module-7428\"\n\t\t\t\tclass=\"forminator-ui forminator-custom-form forminator-custom-form-7428 forminator-design--default  forminator_ajax\"\n\t\t\t\tmethod=\"post\"\n\t\t\t\tdata-forminator-render=\"0\"\n\t\t\t\tdata-form-id=\"7428\"\n\t\t\t\t data-color-option=\"default\" data-design=\"default\" data-grid=\"open\" style=\"display: none;\"\n\t\t\t\tdata-uid=\"69e4b75a390d1\"\n\t\t\t><div role=\"alert\" aria-live=\"polite\" class=\"forminator-response-message forminator-error\" aria-hidden=\"true\"><\/div><div class=\"forminator-row\"><div id=\"name-1\" class=\"forminator-field-name forminator-col forminator-col-12  hide-label\"><div class=\"forminator-field\"><label for=\"forminator-field-name-1_69e4b75a390d1\" id=\"forminator-field-name-1_69e4b75a390d1-label\" class=\"forminator-label\">Name<\/label><input type=\"text\" name=\"name-1\" value=\"\" placeholder=\"Your name\" id=\"forminator-field-name-1_69e4b75a390d1\" class=\"forminator-input forminator-name--field\" aria-required=\"false\" autocomplete=\"name\" \/><\/div><\/div><\/div><div class=\"forminator-row\"><div id=\"email-1\" class=\"forminator-field-email forminator-col forminator-col-12 \"><div class=\"forminator-field\"><input type=\"email\" name=\"email-1\" value=\"\" placeholder=\"E-mail adress\" id=\"forminator-field-email-1_69e4b75a390d1\" class=\"forminator-input forminator-email--field\" data-required=\"1\" aria-required=\"true\" autocomplete=\"email\" \/><\/div><\/div><\/div><div class=\"forminator-row\"><div id=\"select-1\" class=\"forminator-field-select forminator-col forminator-col-12 \"><div class=\"forminator-field\"><select  id=\"forminator-form-7428__field--select-1_69e4b75a390d1\" class=\"forminator-select--field forminator-select2 forminator-select2-multiple\" data-required=\"1\" name=\"select-1\" data-default-value=\"\" data-placeholder=\"Choose a topic\" data-search=\"false\" data-search-placeholder=\"Choose a topic\" data-checkbox=\"false\" data-allow-clear=\"false\" aria-labelledby=\"forminator-form-7428__field--select-1_69e4b75a390d1-label\"><option value=\"\"  >Choose a topic<\/option><option value=\"Oferta-handlowa\"  data-calculation=\"0\">Commercial offer<\/option><option value=\"Szkolenia\"  data-calculation=\"0\">Training<\/option><option value=\"Projekt-technologii\"  data-calculation=\"0\">Technology project<\/option><option value=\"Serwis---gwarancja\"  data-calculation=\"0\">Service\/Warranty<\/option><option value=\"Inne\"  data-calculation=\"0\">Other<\/option><\/select><\/div><\/div><\/div><div class=\"forminator-row\"><div id=\"textarea-1\" class=\"forminator-field-textarea forminator-col forminator-col-12  hide-label\"><div class=\"forminator-field\"><label for=\"forminator-field-textarea-1_69e4b75a390d1\" id=\"forminator-field-textarea-1_69e4b75a390d1-label\" class=\"forminator-label\">Wiadomo\u015b\u0107<\/label><textarea name=\"textarea-1\" placeholder=\"Message\" id=\"forminator-field-textarea-1_69e4b75a390d1\" class=\"forminator-textarea\" rows=\"6\" style=\"min-height:140px;\" ><\/textarea><\/div><\/div><\/div><div class=\"forminator-row\" style=\"margin: 0;\"><div id=\"captcha-1\" class=\"forminator-field-captcha  forminator-col-12 \"><div class=\"forminator-captcha-left forminator-g-recaptcha recaptcha-invisible\" data-theme=\"light\" data-badge=\"bottomright\" data-sitekey=\"6LcIvh4eAAAAAJ6Ad45hMhSSPwG2-tOLGAo8tpc0\" data-size=\"invisible\"><\/div> <\/div><\/div><input type=\"hidden\" name=\"referer_url\" value=\"\" \/><div class=\"forminator-row forminator-row-last\"><div class=\"forminator-col\"><div class=\"forminator-field\"><button class=\"forminator-button forminator-button-submit\">Send<\/button><\/div><\/div><\/div><input type=\"hidden\" id=\"forminator_nonce\" name=\"forminator_nonce\" value=\"6b1e11e3e6\" \/><input type=\"hidden\" name=\"_wp_http_referer\" value=\"\/en\/wp-json\/wp\/v2\/pages\/5994\" \/><input type=\"hidden\" name=\"form_id\" value=\"7428\"><input type=\"hidden\" name=\"page_id\" value=\"5994\"><input type=\"hidden\" name=\"form_type\" value=\"default\"><input type=\"hidden\" name=\"current_url\" value=\"https:\/\/grafen.com\/en\/products\/refrigeration\/\"><input type=\"hidden\" name=\"render_id\" value=\"0\"><input type=\"hidden\" name=\"action\" value=\"forminator_submit_form_custom-forms\"><\/form>            <\/div>\n\n    <figure>\n        <img decoding=\"async\" src=\"\" alt=\"Kontakt\">\n    <\/figure>\n<\/div>\n\n<div class=\"embedded-contact-form wrapper\">\n    <div class=\"form-container\">\n        <h2>Want to learn more about what we offer? Are you looking for the best solution for your business?<\/h2>\n        <p>Contact us, we will advise what equipment will be best for you<\/p>\n                <div class=\"forminator-ui forminator-custom-form forminator-custom-form-7428 forminator-design--default  forminator_ajax\" data-forminator-render=\"1\" data-form=\"forminator-module-7428\" data-uid=\"69e4b75a3d477\"><br\/><\/div><form\n\t\t\t\tid=\"forminator-module-7428\"\n\t\t\t\tclass=\"forminator-ui forminator-custom-form forminator-custom-form-7428 forminator-design--default  forminator_ajax\"\n\t\t\t\tmethod=\"post\"\n\t\t\t\tdata-forminator-render=\"1\"\n\t\t\t\tdata-form-id=\"7428\"\n\t\t\t\t data-color-option=\"default\" data-design=\"default\" data-grid=\"open\" style=\"display: none;\"\n\t\t\t\tdata-uid=\"69e4b75a3d477\"\n\t\t\t><div role=\"alert\" aria-live=\"polite\" class=\"forminator-response-message forminator-error\" aria-hidden=\"true\"><\/div><div class=\"forminator-row\"><div id=\"name-1\" class=\"forminator-field-name forminator-col forminator-col-12  hide-label\"><div class=\"forminator-field\"><label for=\"forminator-field-name-1_69e4b75a3d477\" id=\"forminator-field-name-1_69e4b75a3d477-label\" class=\"forminator-label\">Name<\/label><input type=\"text\" name=\"name-1\" value=\"\" placeholder=\"Your name\" id=\"forminator-field-name-1_69e4b75a3d477\" class=\"forminator-input forminator-name--field\" aria-required=\"false\" autocomplete=\"name\" \/><\/div><\/div><\/div><div class=\"forminator-row\"><div id=\"email-1\" class=\"forminator-field-email forminator-col forminator-col-12 \"><div class=\"forminator-field\"><input type=\"email\" name=\"email-1\" value=\"\" placeholder=\"E-mail adress\" id=\"forminator-field-email-1_69e4b75a3d477\" class=\"forminator-input forminator-email--field\" data-required=\"1\" aria-required=\"true\" autocomplete=\"email\" \/><\/div><\/div><\/div><div class=\"forminator-row\"><div id=\"select-1\" class=\"forminator-field-select forminator-col forminator-col-12 \"><div class=\"forminator-field\"><select  id=\"forminator-form-7428__field--select-1_69e4b75a3d477\" class=\"forminator-select--field forminator-select2 forminator-select2-multiple\" data-required=\"1\" name=\"select-1\" data-default-value=\"\" data-placeholder=\"Choose a topic\" data-search=\"false\" data-search-placeholder=\"Choose a topic\" data-checkbox=\"false\" data-allow-clear=\"false\" aria-labelledby=\"forminator-form-7428__field--select-1_69e4b75a3d477-label\"><option value=\"\"  >Choose a topic<\/option><option value=\"Oferta-handlowa\"  data-calculation=\"0\">Commercial offer<\/option><option value=\"Szkolenia\"  data-calculation=\"0\">Training<\/option><option value=\"Projekt-technologii\"  data-calculation=\"0\">Technology project<\/option><option value=\"Serwis---gwarancja\"  data-calculation=\"0\">Service\/Warranty<\/option><option value=\"Inne\"  data-calculation=\"0\">Other<\/option><\/select><\/div><\/div><\/div><div class=\"forminator-row\"><div id=\"textarea-1\" class=\"forminator-field-textarea forminator-col forminator-col-12  hide-label\"><div class=\"forminator-field\"><label for=\"forminator-field-textarea-1_69e4b75a3d477\" id=\"forminator-field-textarea-1_69e4b75a3d477-label\" class=\"forminator-label\">Wiadomo\u015b\u0107<\/label><textarea name=\"textarea-1\" placeholder=\"Message\" id=\"forminator-field-textarea-1_69e4b75a3d477\" class=\"forminator-textarea\" rows=\"6\" style=\"min-height:140px;\" ><\/textarea><\/div><\/div><\/div><div class=\"forminator-row\" style=\"margin: 0;\"><div id=\"captcha-1\" class=\"forminator-field-captcha  forminator-col-12 \"><div class=\"forminator-captcha-left forminator-g-recaptcha recaptcha-invisible\" data-theme=\"light\" data-badge=\"bottomright\" data-sitekey=\"6LcIvh4eAAAAAJ6Ad45hMhSSPwG2-tOLGAo8tpc0\" data-size=\"invisible\"><\/div> <\/div><\/div><input type=\"hidden\" name=\"referer_url\" value=\"\" \/><div class=\"forminator-row forminator-row-last\"><div class=\"forminator-col\"><div class=\"forminator-field\"><button class=\"forminator-button forminator-button-submit\">Send<\/button><\/div><\/div><\/div><input type=\"hidden\" id=\"forminator_nonce\" name=\"forminator_nonce\" value=\"6b1e11e3e6\" \/><input type=\"hidden\" name=\"_wp_http_referer\" value=\"\/en\/wp-json\/wp\/v2\/pages\/5994\" \/><input type=\"hidden\" name=\"form_id\" value=\"7428\"><input type=\"hidden\" name=\"page_id\" value=\"5994\"><input type=\"hidden\" name=\"form_type\" value=\"default\"><input type=\"hidden\" name=\"current_url\" value=\"https:\/\/grafen.com\/en\/products\/refrigeration\/\"><input type=\"hidden\" name=\"render_id\" value=\"1\"><input type=\"hidden\" name=\"action\" value=\"forminator_submit_form_custom-forms\"><\/form>            <\/div>\n\n    <figure>\n        <img decoding=\"async\" src=\"https:\/\/grafen.com\/wp-content\/uploads\/2018\/06\/IMGP8630-scaled.jpg\" alt=\"Kontakt\">\n    <\/figure>\n<\/div>","protected":false},"excerpt":{"rendered":"","protected":false},"author":1,"featured_media":739,"parent":6029,"menu_order":8,"comment_status":"closed","ping_status":"closed","template":"page-templates\/products.php","meta":{"_acf_changed":false,"inline_featured_image":false,"footnotes":""},"class_list":["post-5994","page","type-page","status-publish","has-post-thumbnail","hentry"],"acf":[],"yoast_head":"<!-- This site is optimized with the Yoast SEO plugin v27.4 - https:\/\/yoast.com\/product\/yoast-seo-wordpress\/ -->\n<title>Refrigeration - GRAFEN - Profesjonalne wyposa\u017cenie restauracji<\/title>\n<meta name=\"robots\" content=\"index, follow, max-snippet:-1, max-image-preview:large, max-video-preview:-1\" \/>\n<link rel=\"canonical\" href=\"https:\/\/grafen.com\/en\/products\/refrigeration\/\" \/>\n<meta property=\"og:locale\" content=\"en_US\" \/>\n<meta property=\"og:type\" content=\"article\" \/>\n<meta property=\"og:title\" content=\"Refrigeration - GRAFEN - Profesjonalne wyposa\u017cenie restauracji\" \/>\n<meta property=\"og:url\" content=\"https:\/\/grafen.com\/en\/products\/refrigeration\/\" \/>\n<meta property=\"og:site_name\" content=\"GRAFEN - Profesjonalne wyposa\u017cenie restauracji\" \/>\n<meta property=\"article:publisher\" content=\"https:\/\/www.facebook.com\/grafenrestaurantequipment\" \/>\n<meta property=\"article:modified_time\" content=\"2024-07-10T09:28:39+00:00\" \/>\n<meta property=\"og:image\" content=\"https:\/\/grafen.com\/wp-content\/uploads\/2022\/01\/strona-glowna-Grafen.png\" \/>\n\t<meta property=\"og:image:width\" content=\"1537\" \/>\n\t<meta property=\"og:image:height\" content=\"837\" \/>\n\t<meta property=\"og:image:type\" content=\"image\/png\" \/>\n<meta name=\"twitter:card\" content=\"summary_large_image\" \/>\n<meta name=\"twitter:label1\" content=\"Est. reading time\" \/>\n\t<meta name=\"twitter:data1\" content=\"1 minute\" \/>\n<script type=\"application\/ld+json\" class=\"yoast-schema-graph\">{\"@context\":\"https:\\\/\\\/schema.org\",\"@graph\":[{\"@type\":\"WebPage\",\"@id\":\"https:\\\/\\\/grafen.com\\\/en\\\/products\\\/refrigeration\\\/\",\"url\":\"https:\\\/\\\/grafen.com\\\/en\\\/products\\\/refrigeration\\\/\",\"name\":\"Refrigeration - GRAFEN - Profesjonalne wyposa\u017cenie restauracji\",\"isPartOf\":{\"@id\":\"https:\\\/\\\/grafen.com\\\/#website\"},\"primaryImageOfPage\":{\"@id\":\"https:\\\/\\\/grafen.com\\\/en\\\/products\\\/refrigeration\\\/#primaryimage\"},\"image\":{\"@id\":\"https:\\\/\\\/grafen.com\\\/en\\\/products\\\/refrigeration\\\/#primaryimage\"},\"thumbnailUrl\":\"https:\\\/\\\/grafen.com\\\/wp-content\\\/uploads\\\/2021\\\/10\\\/product-card-chlodnictwo.svg\",\"datePublished\":\"2021-10-25T12:59:40+00:00\",\"dateModified\":\"2024-07-10T09:28:39+00:00\",\"breadcrumb\":{\"@id\":\"https:\\\/\\\/grafen.com\\\/en\\\/products\\\/refrigeration\\\/#breadcrumb\"},\"inLanguage\":\"en-US\",\"potentialAction\":[{\"@type\":\"ReadAction\",\"target\":[\"https:\\\/\\\/grafen.com\\\/en\\\/products\\\/refrigeration\\\/\"]}]},{\"@type\":\"ImageObject\",\"inLanguage\":\"en-US\",\"@id\":\"https:\\\/\\\/grafen.com\\\/en\\\/products\\\/refrigeration\\\/#primaryimage\",\"url\":\"https:\\\/\\\/grafen.com\\\/wp-content\\\/uploads\\\/2021\\\/10\\\/product-card-chlodnictwo.svg\",\"contentUrl\":\"https:\\\/\\\/grafen.com\\\/wp-content\\\/uploads\\\/2021\\\/10\\\/product-card-chlodnictwo.svg\"},{\"@type\":\"BreadcrumbList\",\"@id\":\"https:\\\/\\\/grafen.com\\\/en\\\/products\\\/refrigeration\\\/#breadcrumb\",\"itemListElement\":[{\"@type\":\"ListItem\",\"position\":1,\"name\":\"Strona g\u0142\u00f3wna\",\"item\":\"https:\\\/\\\/grafen.com\\\/en\\\/\"},{\"@type\":\"ListItem\",\"position\":2,\"name\":\"Products\",\"item\":\"https:\\\/\\\/grafen.com\\\/en\\\/products\\\/\"},{\"@type\":\"ListItem\",\"position\":3,\"name\":\"Refrigeration\"}]},{\"@type\":\"WebSite\",\"@id\":\"https:\\\/\\\/grafen.com\\\/#website\",\"url\":\"https:\\\/\\\/grafen.com\\\/\",\"name\":\"GRAFEN - Profesjonalne wyposa\u017cenie restauracji\",\"description\":\"Profesjonalne urz\u0105dzenia gastronomiczne\",\"publisher\":{\"@id\":\"https:\\\/\\\/grafen.com\\\/#organization\"},\"potentialAction\":[{\"@type\":\"SearchAction\",\"target\":{\"@type\":\"EntryPoint\",\"urlTemplate\":\"https:\\\/\\\/grafen.com\\\/?s={search_term_string}\"},\"query-input\":{\"@type\":\"PropertyValueSpecification\",\"valueRequired\":true,\"valueName\":\"search_term_string\"}}],\"inLanguage\":\"en-US\"},{\"@type\":\"Organization\",\"@id\":\"https:\\\/\\\/grafen.com\\\/#organization\",\"name\":\"GRAFEN - Profesjonalne wyposa\u017cenie restauracji\",\"url\":\"https:\\\/\\\/grafen.com\\\/\",\"logo\":{\"@type\":\"ImageObject\",\"inLanguage\":\"en-US\",\"@id\":\"https:\\\/\\\/grafen.com\\\/#\\\/schema\\\/logo\\\/image\\\/\",\"url\":\"https:\\\/\\\/grafen.com\\\/wp-content\\\/uploads\\\/2023\\\/03\\\/grafen-sygnet.png\",\"contentUrl\":\"https:\\\/\\\/grafen.com\\\/wp-content\\\/uploads\\\/2023\\\/03\\\/grafen-sygnet.png\",\"width\":66,\"height\":66,\"caption\":\"GRAFEN - Profesjonalne wyposa\u017cenie restauracji\"},\"image\":{\"@id\":\"https:\\\/\\\/grafen.com\\\/#\\\/schema\\\/logo\\\/image\\\/\"},\"sameAs\":[\"https:\\\/\\\/www.facebook.com\\\/grafenrestaurantequipment\"]}]}<\/script>\n<!-- \/ Yoast SEO plugin. -->","yoast_head_json":{"title":"Refrigeration - GRAFEN - Profesjonalne wyposa\u017cenie restauracji","robots":{"index":"index","follow":"follow","max-snippet":"max-snippet:-1","max-image-preview":"max-image-preview:large","max-video-preview":"max-video-preview:-1"},"canonical":"https:\/\/grafen.com\/en\/products\/refrigeration\/","og_locale":"en_US","og_type":"article","og_title":"Refrigeration - GRAFEN - Profesjonalne wyposa\u017cenie restauracji","og_url":"https:\/\/grafen.com\/en\/products\/refrigeration\/","og_site_name":"GRAFEN - Profesjonalne wyposa\u017cenie restauracji","article_publisher":"https:\/\/www.facebook.com\/grafenrestaurantequipment","article_modified_time":"2024-07-10T09:28:39+00:00","og_image":[{"width":1537,"height":837,"url":"https:\/\/grafen.com\/wp-content\/uploads\/2022\/01\/strona-glowna-Grafen.png","type":"image\/png"}],"twitter_card":"summary_large_image","twitter_misc":{"Est. reading time":"1 minute"},"schema":{"@context":"https:\/\/schema.org","@graph":[{"@type":"WebPage","@id":"https:\/\/grafen.com\/en\/products\/refrigeration\/","url":"https:\/\/grafen.com\/en\/products\/refrigeration\/","name":"Refrigeration - GRAFEN - Profesjonalne wyposa\u017cenie restauracji","isPartOf":{"@id":"https:\/\/grafen.com\/#website"},"primaryImageOfPage":{"@id":"https:\/\/grafen.com\/en\/products\/refrigeration\/#primaryimage"},"image":{"@id":"https:\/\/grafen.com\/en\/products\/refrigeration\/#primaryimage"},"thumbnailUrl":"https:\/\/grafen.com\/wp-content\/uploads\/2021\/10\/product-card-chlodnictwo.svg","datePublished":"2021-10-25T12:59:40+00:00","dateModified":"2024-07-10T09:28:39+00:00","breadcrumb":{"@id":"https:\/\/grafen.com\/en\/products\/refrigeration\/#breadcrumb"},"inLanguage":"en-US","potentialAction":[{"@type":"ReadAction","target":["https:\/\/grafen.com\/en\/products\/refrigeration\/"]}]},{"@type":"ImageObject","inLanguage":"en-US","@id":"https:\/\/grafen.com\/en\/products\/refrigeration\/#primaryimage","url":"https:\/\/grafen.com\/wp-content\/uploads\/2021\/10\/product-card-chlodnictwo.svg","contentUrl":"https:\/\/grafen.com\/wp-content\/uploads\/2021\/10\/product-card-chlodnictwo.svg"},{"@type":"BreadcrumbList","@id":"https:\/\/grafen.com\/en\/products\/refrigeration\/#breadcrumb","itemListElement":[{"@type":"ListItem","position":1,"name":"Strona g\u0142\u00f3wna","item":"https:\/\/grafen.com\/en\/"},{"@type":"ListItem","position":2,"name":"Products","item":"https:\/\/grafen.com\/en\/products\/"},{"@type":"ListItem","position":3,"name":"Refrigeration"}]},{"@type":"WebSite","@id":"https:\/\/grafen.com\/#website","url":"https:\/\/grafen.com\/","name":"GRAFEN - Profesjonalne wyposa\u017cenie restauracji","description":"Profesjonalne urz\u0105dzenia gastronomiczne","publisher":{"@id":"https:\/\/grafen.com\/#organization"},"potentialAction":[{"@type":"SearchAction","target":{"@type":"EntryPoint","urlTemplate":"https:\/\/grafen.com\/?s={search_term_string}"},"query-input":{"@type":"PropertyValueSpecification","valueRequired":true,"valueName":"search_term_string"}}],"inLanguage":"en-US"},{"@type":"Organization","@id":"https:\/\/grafen.com\/#organization","name":"GRAFEN - Profesjonalne wyposa\u017cenie restauracji","url":"https:\/\/grafen.com\/","logo":{"@type":"ImageObject","inLanguage":"en-US","@id":"https:\/\/grafen.com\/#\/schema\/logo\/image\/","url":"https:\/\/grafen.com\/wp-content\/uploads\/2023\/03\/grafen-sygnet.png","contentUrl":"https:\/\/grafen.com\/wp-content\/uploads\/2023\/03\/grafen-sygnet.png","width":66,"height":66,"caption":"GRAFEN - Profesjonalne wyposa\u017cenie restauracji"},"image":{"@id":"https:\/\/grafen.com\/#\/schema\/logo\/image\/"},"sameAs":["https:\/\/www.facebook.com\/grafenrestaurantequipment"]}]}},"_links":{"self":[{"href":"https:\/\/grafen.com\/en\/wp-json\/wp\/v2\/pages\/5994","targetHints":{"allow":["GET"]}}],"collection":[{"href":"https:\/\/grafen.com\/en\/wp-json\/wp\/v2\/pages"}],"about":[{"href":"https:\/\/grafen.com\/en\/wp-json\/wp\/v2\/types\/page"}],"author":[{"embeddable":true,"href":"https:\/\/grafen.com\/en\/wp-json\/wp\/v2\/users\/1"}],"replies":[{"embeddable":true,"href":"https:\/\/grafen.com\/en\/wp-json\/wp\/v2\/comments?post=5994"}],"version-history":[{"count":18,"href":"https:\/\/grafen.com\/en\/wp-json\/wp\/v2\/pages\/5994\/revisions"}],"predecessor-version":[{"id":10123,"href":"https:\/\/grafen.com\/en\/wp-json\/wp\/v2\/pages\/5994\/revisions\/10123"}],"up":[{"embeddable":true,"href":"https:\/\/grafen.com\/en\/wp-json\/wp\/v2\/pages\/6029"}],"wp:featuredmedia":[{"embeddable":true,"href":"https:\/\/grafen.com\/en\/wp-json\/wp\/v2\/media\/739"}],"wp:attachment":[{"href":"https:\/\/grafen.com\/en\/wp-json\/wp\/v2\/media?parent=5994"}],"curies":[{"name":"wp","href":"https:\/\/api.w.org\/{rel}","templated":true}]}}